{"id":9979,"date":"2019-07-17T12:05:24","date_gmt":"2019-07-17T12:05:24","guid":{"rendered":"https:\/\/increaweb.com\/?page_id=9979"},"modified":"2023-02-28T14:21:22","modified_gmt":"2023-02-28T14:21:22","slug":"web-gelistirme","status":"publish","type":"page","link":"https:\/\/www.increaweb.com\/tr\/web-gelistirme\/","title":{"rendered":"Web Geli\u015ftirme"},"content":{"rendered":"<div class=\"wpb-content-wrapper\"><p>[vc_row row_type=&#8221;3&#8243; blox_image=&#8221;9467&#8243; align_center=&#8221;aligncenter&#8221; page_title=&#8221;page-title-x&#8221; blox_dark=&#8221;true&#8221; parallax_speed=&#8221;7&#8243;][vc_column]<hr class=\"vertical-space5\"><hr class=\"vertical-space5\"><hr class=\"vertical-space3\">[vc_column_text]<\/p>\n<h2 class=\"respo-tagline\" style=\"text-align: center; letter-spacing: 1px;\"><strong>WEB GEL\u0130\u015eT\u0130RME<\/strong><\/h2>\n<p>[\/vc_column_text]<hr class=\"vertical-space5\"><hr class=\"vertical-space5\">[\/vc_column][\/vc_row][vc_row][vc_column width=&#8221;1\/6&#8243;][\/vc_column][vc_column width=&#8221;2\/3&#8243;]<hr class=\"vertical-space5\">[vc_icon icon_fontawesome=&#8221;fas fa-laptop-code&#8221; color=&#8221;grey&#8221; size=&#8221;xl&#8221; align=&#8221;center&#8221;]<hr class=\"vertical-space1\">[vc_column_text]<\/p>\n<h3 style=\"text-align: center;\"><strong>Geli\u015ftirme<\/strong><\/h3>\n<p style=\"text-align: center;\">Paketlenmi\u015f CMS veya E-ticaret \u00e7\u00f6z\u00fcmleri m\u00fc\u015fterilerimize s\u0131n\u0131rlamalar getirdi\u011finde, \u00f6zel Web Geli\u015ftirme se\u00e7ene\u011fimizi sunuyoruz. Her t\u00fcr b\u00fct\u00e7eye uygun siteler ve uygulamalar geli\u015ftirme konusunda geni\u015f deneyime sahibiz.<\/p>\n<p>[\/vc_column_text]<hr class=\"vertical-space1\">[\/vc_column][vc_column width=&#8221;1\/6&#8243;][\/vc_column][\/vc_row][vc_row][vc_column width=&#8221;1\/6&#8243;][\/vc_column][vc_column width=&#8221;2\/3&#8243;]<hr class=\"vertical-space1\">[vc_icon icon_fontawesome=&#8221;far fa-lightbulb&#8221; color=&#8221;grey&#8221; size=&#8221;xl&#8221; align=&#8221;center&#8221;]<hr class=\"vertical-space1\">[vc_column_text]<\/p>\n<h3 style=\"text-align: center;\"><strong>Yakla\u015f\u0131m\u0131m\u0131z<\/strong><\/h3>\n<p style=\"text-align: center;\">Yakla\u015f\u0131m\u0131m\u0131z temellere geri d\u00f6nmek ve m\u00fc\u015fterilerimizin &#8211; ve kullan\u0131c\u0131lar\u0131n\u0131n &#8211; asl\u0131nda ne yapmalar\u0131 gerekti\u011fini anlamakt\u0131r.\u00a0Bunlar\u0131 s\u0131f\u0131rdan ba\u015flay\u0131p, end\u00fcstri standard\u0131 geli\u015ftirme \u00e7er\u00e7evelerini kullanarak in\u015fa ediyoruz, b\u00f6ylece gereksinimlerinize m\u00fckemmel \u015fekilde uyan ve uzun vadede s\u00fcrd\u00fcr\u00fclebilir hale getiriyoruz.<\/p>\n<p>[\/vc_column_text]<hr class=\"vertical-space4\">[\/vc_column][vc_column width=&#8221;1\/6&#8243;][\/vc_column][\/vc_row][vc_row row_type=&#8221;2&#8243; blox_padding_top=&#8221;70&#8243; blox_bgcolor=&#8221;#f6f8f9&#8243;][vc_column]\n\t<div class=\"max-title max-title3\">\n\t\t<h2>Yol <strong>Haritam\u0131z<\/strong><\/h2>\n\t<\/div><hr class=\"vertical-space2\">[\/vc_column][\/vc_row][vc_row row_type=&#8221;1&#8243;][vc_column]\n\t<div class=\"buy-process-wrap\">\n\t\t<div class=\"buy-process-items\">\n\t\t\t\t<div class=\"buy-process-item\">\n\t\t\t\t\t<div class=\"text-wrap\">\n\t\t\t\t\t\t<h4><strong>Planlama<\/strong><\/h4>\n\t\t\t\t\t\t<p>Sitenizden ne istedi\u011finizi ve onu nas\u0131l uygulayaca\u011f\u0131m\u0131z\u0131 anlad\u0131\u011f\u0131m\u0131zdan emin oluruz<\/p>\n\t\t\t\t\t<\/div>\n\t\t\t\t\t<span>1<\/span>\n\t\t\t\t\t<div class=\"icon-wrapper\">\n\t\t\t\t\t\t<i class=\"fa fa-calendar\"><\/i>\n\t\t\t\t\t<\/div>\n\t\t\t\t<\/div>\n\t\t\t\t<div class=\"buy-process-item\">\n\t\t\t\t\t<div class=\"text-wrap\">\n\t\t\t\t\t\t<h4><strong>Geli\u015ftirme<\/strong><\/h4>\n\t\t\t\t\t\t<p>Temelden daha fazlas\u0131na ihtiya\u00e7 duyan m\u00fc\u015fteriler i\u00e7in i\u00e7erik y\u00f6netim sistemleri geli\u015ftiririz<\/p>\n\t\t\t\t\t<\/div>\n\t\t\t\t\t<span>2<\/span>\n\t\t\t\t\t<div class=\"icon-wrapper\">\n\t\t\t\t\t\t<i class=\"fa fa-keyboard-o\"><\/i>\n\t\t\t\t\t<\/div>\n\t\t\t\t<\/div>\n\t\t\t\t<div class=\"buy-process-item featured\">\n\t\t\t\t\t<div class=\"text-wrap\">\n\t\t\t\t\t\t<h4><strong>\u0130nceleme & Test<\/strong><\/h4>\n\t\t\t\t\t\t<p>Site haz\u0131r oldu\u011funda, hatas\u0131z \u00e7al\u0131\u015fabilmesi i\u00e7in kontrol edilmeli ve test edilmelidir.<\/p>\n\t\t\t\t\t<\/div>\n\t\t\t\t\t<span>3<\/span>\n\t\t\t\t\t<div class=\"icon-wrapper\">\n\t\t\t\t\t\t<i class=\"fa fa-flask\"><\/i>\n\t\t\t\t\t<\/div>\n\t\t\t\t<\/div>\n\t\t\t\t<div class=\"buy-process-item\">\n\t\t\t\t\t<div class=\"text-wrap\">\n\t\t\t\t\t\t<h4><strong>Ba\u015flatma <\/strong><\/h4>\n\t\t\t\t\t\t<p>Ba\u015far\u0131l\u0131 bir testten sonra, \u00fcr\u00fcn\u00fc kullan\u0131m\u0131 i\u00e7in m\u00fc\u015fteriye teslim ederiz<\/p>\n\t\t\t\t\t<\/div>\n\t\t\t\t\t<span>4<\/span>\n\t\t\t\t\t<div class=\"icon-wrapper\">\n\t\t\t\t\t\t<i class=\"fa fa-paper-plane\"><\/i>\n\t\t\t\t\t<\/div>\n\t\t\t\t<\/div>\n\t\t\t\t<div class=\"buy-process-item\">\n\t\t\t\t\t<div class=\"text-wrap\">\n\t\t\t\t\t\t<h4><strong>Bak\u0131m<\/strong><\/h4>\n\t\t\t\t\t\t<p>Sitenizin her zaman verimlilikle \u00e7al\u0131\u015fmas\u0131n\u0131 sa\u011flayan \u00f6nemli bir ad\u0131md\u0131r<\/p>\n\t\t\t\t\t<\/div>\n\t\t\t\t\t<span>5<\/span>\n\t\t\t\t\t<div class=\"icon-wrapper\">\n\t\t\t\t\t\t<i class=\"fa fa-shield\"><\/i>\n\t\t\t\t\t<\/div>\n\t\t\t\t<\/div>\n\t\t<\/div>\n\t<\/div>[\/vc_column][\/vc_row][vc_row][vc_column]<hr class=\"vertical-space5\">\n\t<div class=\"max-title max-title3\">\n\t\t<h2>Size <strong>Teklifimiz<\/strong><\/h2>\n\t<\/div>[\/vc_column][\/vc_row][vc_row][vc_column width=&#8221;1\/2&#8243;]<article class=\"icon-box7\" ><i class=\"sl-check\" style=\" color:#00c2e5;\"><\/i><h4>WEB SAYFASI YASAL BA\u015eVURU UYGULAMALARI<\/h4><\/article><article class=\"icon-box7\" ><i class=\"sl-check\" style=\" color:#00c2e5;\"><\/i><h4>\u00d6ZELLE\u015eT\u0130R\u0130LM\u0130\u015e WEB PORTAL \u00c7\u00d6Z\u00dcMLER\u0130<\/h4><\/article><article class=\"icon-box7\" ><i class=\"sl-check\" style=\" color:#00c2e5;\"><\/i><h4>TOPLUM S\u0130TELER\u0130 GEL\u0130\u015eT\u0130RME<\/h4><\/article><article class=\"icon-box7\" ><i class=\"sl-check\" style=\" color:#00c2e5;\"><\/i><h4>\u00d6ZEL SOSYAL A\u011e GEL\u0130\u015eT\u0130RME<\/h4><\/article><article class=\"icon-box7\" ><i class=\"sl-check\" style=\" color:#00c2e5;\"><\/i><h4>E-T\u0130CARET \u00c7\u00d6Z\u00dcMLER\u0130<\/h4><\/article>[\/vc_column][vc_column width=&#8221;1\/2&#8243;]<article class=\"icon-box7\" ><i class=\"sl-check\" style=\" color:#00c2e5;\"><\/i><h4>\u0130NTERNET VE INTRANET \u00c7\u00d6Z\u00dcMLER\u0130<\/h4><\/article><article class=\"icon-box7\" ><i class=\"sl-check\" style=\" color:#00c2e5;\"><\/i><h4>M\u00dc\u015eTER\u0130 TALEPLER\u0130NE G\u00d6RE \u00d6ZEL UYGULAMALAR<\/h4><\/article><article class=\"icon-box7\" ><i class=\"sl-check\" style=\" color:#00c2e5;\"><\/i><h4>KURUMSAL WEB TABANLI \u00c7\u00d6Z\u00dcMLER<\/h4><\/article><article class=\"icon-box7\" ><i class=\"sl-check\" style=\" color:#00c2e5;\"><\/i><h4>\u0130\u015e UYGULAMALARI<\/h4><\/article><article class=\"icon-box7\" ><i class=\"sl-check\" style=\" color:#00c2e5;\"><\/i><h4>\u00d6DEME \u0130\u015eLEMC\u0130 ENTEGRASYONLARI<\/h4><\/article>[\/vc_column][\/vc_row][vc_row row_type=&#8221;2&#8243; blox_image=&#8221;9171&#8243; blox_cover=&#8221;false&#8221; blox_repeat=&#8221;repeat&#8221; blox_dark=&#8221;true&#8221; blox_bgcolor=&#8221;#00c2e5&#8243;][vc_column]<hr class=\"vertical-space2\">[vc_row_inner][vc_column_inner el_class=&#8221;aligncenter&#8221;][vc_column_text]<\/p>\n<h1 style=\"text-align: center;\"><strong>Projelerimiz<\/strong><\/h1>\n<p style=\"text-align: center;\">M\u00fc\u015fterilerimizin hedeflerini ger\u00e7e\u011fe ba\u011flamak i\u00e7in Web teknolojisinde k\u00f6pr\u00fcler kuruyoruz<\/p>\n<p>[\/vc_column_text]<hr class=\"vertical-space1\"><a href=\"https:\/\/increaweb.com\/#\" class=\"button white  medium bordered-bot \" target=\"_self\">T\u00dcM PORTF\u00d6Y\u00dc G\u00d6R\u00dcN<\/a>[\/vc_column_inner][\/vc_row_inner]<hr class=\"vertical-space2\">[\/vc_column][\/vc_row][vc_row row_type=&#8221;2&#8243; blox_height=&#8221;350&#8243; blox_image=&#8221;9123&#8243;][vc_column el_class=&#8221;aligncenter&#8221;]<hr class=\"vertical-space4\"><hr class=\"vertical-space1\">[vc_column_text]<\/p>\n<h1 style=\"text-align: center;\"><strong>\u015eimdi !!<\/strong><\/h1>\n<h1 style=\"text-align: center;\"><strong>Projenize Ba\u015flayal\u0131m<\/strong><\/h1>\n<p style=\"text-align: center;\">Hedeflerinize ula\u015fman\u0131z ve i\u015finizi b\u00fcy\u00fctmeniz i\u00e7in buraday\u0131z.<\/p>\n<p>[\/vc_column_text]<hr class=\"vertical-space2\"><a href=\"https:\/\/increaweb.com\/tr\/teklif-iste\/\" class=\"button theme-skin  medium  \" target=\"_self\">TEKL\u0130F \u0130STE<\/a><hr class=\"vertical-space3\">[\/vc_column][\/vc_row]<\/p>\n<\/div>","protected":false},"excerpt":{"rendered":"<p>[vc_row row_type=&#8221;3&#8243; blox_image=&#8221;9467&#8243; align_center=&#8221;aligncenter&#8221; page_title=&#8221;page-title-x&#8221; blox_dark=&#8221;true&#8221; parallax_speed=&#8221;7&#8243;][vc_column][vc_column_text] WEB GEL\u0130\u015eT\u0130RME [\/vc_column_text][\/vc_column][\/vc_row][vc_row][vc_column width=&#8221;1\/6&#8243;][\/vc_column][vc_column width=&#8221;2\/3&#8243;][vc_icon icon_fontawesome=&#8221;fas fa-laptop-code&#8221; color=&#8221;grey&#8221; size=&#8221;xl&#8221; align=&#8221;center&#8221;][vc_column_text] Geli\u015ftirme Paketlenmi\u015f CMS veya E-ticaret \u00e7\u00f6z\u00fcmleri m\u00fc\u015fterilerimize s\u0131n\u0131rlamalar getirdi\u011finde, \u00f6zel Web Geli\u015ftirme se\u00e7ene\u011fimizi sunuyoruz. Her t\u00fcr b\u00fct\u00e7eye uygun siteler ve uygulamalar geli\u015ftirme konusunda geni\u015f deneyime sahibiz. [\/vc_column_text][\/vc_column][vc_column width=&#8221;1\/6&#8243;][\/vc_column][\/vc_row][vc_row][vc_column width=&#8221;1\/6&#8243;][\/vc_column][vc_column width=&#8221;2\/3&#8243;][vc_icon icon_fontawesome=&#8221;far fa-lightbulb&#8221; color=&#8221;grey&#8221; size=&#8221;xl&#8221; align=&#8221;center&#8221;][vc_column_text] Yakla\u015f\u0131m\u0131m\u0131z Yakla\u015f\u0131m\u0131m\u0131z temellere geri d\u00f6nmek ve m\u00fc\u015fterilerimizin &#8211; ve kullan\u0131c\u0131lar\u0131n\u0131n &#8211; asl\u0131nda ne yapmalar\u0131 gerekti\u011fini anlamakt\u0131r.\u00a0Bunlar\u0131 s\u0131f\u0131rdan ba\u015flay\u0131p, end\u00fcstri standard\u0131 geli\u015ftirme \u00e7er\u00e7evelerini kullanarak in\u015fa ediyoruz, b\u00f6ylece gereksinimlerinize m\u00fckemmel \u015fekilde uyan ve uzun vadede s\u00fcrd\u00fcr\u00fclebilir hale getiriyoruz. [\/vc_column_text][\/vc_column][vc_column width=&#8221;1\/6&#8243;][\/vc_column][\/vc_row][vc_row row_type=&#8221;2&#8243; blox_padding_top=&#8221;70&#8243; blox_bgcolor=&#8221;#f6f8f9&#8243;][vc_column][\/vc_column][\/vc_row][vc_row row_type=&#8221;1&#8243;][vc_column][\/vc_column][\/vc_row][vc_row][vc_column][\/vc_column][\/vc_row][vc_row][vc_column width=&#8221;1\/2&#8243;][\/vc_column][vc_column width=&#8221;1\/2&#8243;][\/vc_column][\/vc_row][vc_row row_type=&#8221;2&#8243; blox_image=&#8221;9171&#8243; blox_cover=&#8221;false&#8221; blox_repeat=&#8221;repeat&#8221; blox_dark=&#8221;true&#8221; blox_bgcolor=&#8221;#00c2e5&#8243;][vc_column][vc_row_inner][vc_column_inner el_class=&#8221;aligncenter&#8221;][vc_column_text] Projelerimiz M\u00fc\u015fterilerimizin hedeflerini ger\u00e7e\u011fe ba\u011flamak i\u00e7in Web teknolojisinde k\u00f6pr\u00fcler kuruyoruz [\/vc_column_text][\/vc_column_inner][\/vc_row_inner][\/vc_column][\/vc_row][vc_row row_type=&#8221;2&#8243; blox_height=&#8221;350&#8243; blox_image=&#8221;9123&#8243;][vc_column el_class=&#8221;aligncenter&#8221;][vc_column_text] \u015eimdi !! Projenize Ba\u015flayal\u0131m Hedeflerinize ula\u015fman\u0131z ve i\u015finizi b\u00fcy\u00fctmeniz i\u00e7in buraday\u0131z. [\/vc_column_text][\/vc_column][\/vc_row]<\/p>\n","protected":false},"author":1,"featured_media":0,"parent":0,"menu_order":0,"comment_status":"closed","ping_status":"closed","template":"","meta":{"footnotes":""},"class_list":["post-9979","page","type-page","status-publish","hentry"],"yoast_head":"<!-- This site is optimized with the Yoast SEO plugin v26.9 - https:\/\/yoast.com\/product\/yoast-seo-wordpress\/ -->\n<title>Web Geli\u015ftirme | IncreaWeb<\/title>\n<meta name=\"robots\" content=\"index, follow, max-snippet:-1, max-image-preview:large, max-video-preview:-1\" \/>\n<link rel=\"canonical\" href=\"https:\/\/www.increaweb.com\/tr\/web-gelistirme\/\" \/>\n<meta property=\"og:locale\" content=\"tr_TR\" \/>\n<meta property=\"og:type\" content=\"article\" \/>\n<meta property=\"og:title\" content=\"Web Geli\u015ftirme | IncreaWeb\" \/>\n<meta property=\"og:description\" content=\"[vc_row row_type=&#8221;3&#8243; blox_image=&#8221;9467&#8243; align_center=&#8221;aligncenter&#8221; page_title=&#8221;page-title-x&#8221; blox_dark=&#8221;true&#8221; parallax_speed=&#8221;7&#8243;][vc_column][vc_column_text] WEB GEL\u0130\u015eT\u0130RME [\/vc_column_text][\/vc_column][\/vc_row][vc_row][vc_column width=&#8221;1\/6&#8243;][\/vc_column][vc_column width=&#8221;2\/3&#8243;][vc_icon icon_fontawesome=&#8221;fas fa-laptop-code&#8221; color=&#8221;grey&#8221; size=&#8221;xl&#8221; align=&#8221;center&#8221;][vc_column_text] Geli\u015ftirme Paketlenmi\u015f CMS veya E-ticaret \u00e7\u00f6z\u00fcmleri m\u00fc\u015fterilerimize s\u0131n\u0131rlamalar getirdi\u011finde, \u00f6zel Web Geli\u015ftirme se\u00e7ene\u011fimizi sunuyoruz. Her t\u00fcr b\u00fct\u00e7eye uygun siteler ve uygulamalar geli\u015ftirme konusunda geni\u015f deneyime sahibiz. [\/vc_column_text][\/vc_column][vc_column width=&#8221;1\/6&#8243;][\/vc_column][\/vc_row][vc_row][vc_column width=&#8221;1\/6&#8243;][\/vc_column][vc_column width=&#8221;2\/3&#8243;][vc_icon icon_fontawesome=&#8221;far fa-lightbulb&#8221; color=&#8221;grey&#8221; size=&#8221;xl&#8221; align=&#8221;center&#8221;][vc_column_text] Yakla\u015f\u0131m\u0131m\u0131z Yakla\u015f\u0131m\u0131m\u0131z temellere geri d\u00f6nmek ve m\u00fc\u015fterilerimizin &#8211; ve kullan\u0131c\u0131lar\u0131n\u0131n &#8211; asl\u0131nda ne yapmalar\u0131 gerekti\u011fini anlamakt\u0131r.\u00a0Bunlar\u0131 s\u0131f\u0131rdan ba\u015flay\u0131p, end\u00fcstri standard\u0131 geli\u015ftirme \u00e7er\u00e7evelerini kullanarak in\u015fa ediyoruz, b\u00f6ylece gereksinimlerinize m\u00fckemmel \u015fekilde uyan ve uzun vadede s\u00fcrd\u00fcr\u00fclebilir hale getiriyoruz. [\/vc_column_text][\/vc_column][vc_column width=&#8221;1\/6&#8243;][\/vc_column][\/vc_row][vc_row row_type=&#8221;2&#8243; blox_padding_top=&#8221;70&#8243; blox_bgcolor=&#8221;#f6f8f9&#8243;][vc_column][\/vc_column][\/vc_row][vc_row row_type=&#8221;1&#8243;][vc_column][\/vc_column][\/vc_row][vc_row][vc_column][\/vc_column][\/vc_row][vc_row][vc_column width=&#8221;1\/2&#8243;][\/vc_column][vc_column width=&#8221;1\/2&#8243;][\/vc_column][\/vc_row][vc_row row_type=&#8221;2&#8243; blox_image=&#8221;9171&#8243; blox_cover=&#8221;false&#8221; blox_repeat=&#8221;repeat&#8221; blox_dark=&#8221;true&#8221; blox_bgcolor=&#8221;#00c2e5&#8243;][vc_column][vc_row_inner][vc_column_inner el_class=&#8221;aligncenter&#8221;][vc_column_text] Projelerimiz M\u00fc\u015fterilerimizin hedeflerini ger\u00e7e\u011fe ba\u011flamak i\u00e7in Web teknolojisinde k\u00f6pr\u00fcler kuruyoruz [\/vc_column_text][\/vc_column_inner][\/vc_row_inner][\/vc_column][\/vc_row][vc_row row_type=&#8221;2&#8243; blox_height=&#8221;350&#8243; blox_image=&#8221;9123&#8243;][vc_column el_class=&#8221;aligncenter&#8221;][vc_column_text] \u015eimdi !! Projenize Ba\u015flayal\u0131m Hedeflerinize ula\u015fman\u0131z ve i\u015finizi b\u00fcy\u00fctmeniz i\u00e7in buraday\u0131z. [\/vc_column_text][\/vc_column][\/vc_row]\" \/>\n<meta property=\"og:url\" content=\"https:\/\/www.increaweb.com\/tr\/web-gelistirme\/\" \/>\n<meta property=\"og:site_name\" content=\"IncreaWeb\" \/>\n<meta property=\"article:modified_time\" content=\"2023-02-28T14:21:22+00:00\" \/>\n<meta name=\"twitter:card\" content=\"summary_large_image\" \/>\n<meta name=\"twitter:label1\" content=\"Tahmini okuma s\u00fcresi\" \/>\n\t<meta name=\"twitter:data1\" content=\"5 dakika\" \/>\n<script type=\"application\/ld+json\" class=\"yoast-schema-graph\">{\"@context\":\"https:\/\/schema.org\",\"@graph\":[{\"@type\":\"WebPage\",\"@id\":\"https:\/\/www.increaweb.com\/tr\/web-gelistirme\/\",\"url\":\"https:\/\/www.increaweb.com\/tr\/web-gelistirme\/\",\"name\":\"Web Geli\u015ftirme | IncreaWeb\",\"isPartOf\":{\"@id\":\"https:\/\/www.increaweb.com\/#website\"},\"datePublished\":\"2019-07-17T12:05:24+00:00\",\"dateModified\":\"2023-02-28T14:21:22+00:00\",\"breadcrumb\":{\"@id\":\"https:\/\/www.increaweb.com\/tr\/web-gelistirme\/#breadcrumb\"},\"inLanguage\":\"tr\",\"potentialAction\":[{\"@type\":\"ReadAction\",\"target\":[\"https:\/\/www.increaweb.com\/tr\/web-gelistirme\/\"]}]},{\"@type\":\"BreadcrumbList\",\"@id\":\"https:\/\/www.increaweb.com\/tr\/web-gelistirme\/#breadcrumb\",\"itemListElement\":[{\"@type\":\"ListItem\",\"position\":1,\"name\":\"Home\",\"item\":\"https:\/\/www.increaweb.com\/tr\/ana-sayfa\/\"},{\"@type\":\"ListItem\",\"position\":2,\"name\":\"Web Geli\u015ftirme\"}]},{\"@type\":\"WebSite\",\"@id\":\"https:\/\/www.increaweb.com\/#website\",\"url\":\"https:\/\/www.increaweb.com\/\",\"name\":\"IncreaWeb\",\"description\":\"Increa Web Solutions\",\"publisher\":{\"@id\":\"https:\/\/www.increaweb.com\/#organization\"},\"potentialAction\":[{\"@type\":\"SearchAction\",\"target\":{\"@type\":\"EntryPoint\",\"urlTemplate\":\"https:\/\/www.increaweb.com\/?s={search_term_string}\"},\"query-input\":{\"@type\":\"PropertyValueSpecification\",\"valueRequired\":true,\"valueName\":\"search_term_string\"}}],\"inLanguage\":\"tr\"},{\"@type\":\"Organization\",\"@id\":\"https:\/\/www.increaweb.com\/#organization\",\"name\":\"IncreaWeb Solutions\",\"url\":\"https:\/\/www.increaweb.com\/\",\"logo\":{\"@type\":\"ImageObject\",\"inLanguage\":\"tr\",\"@id\":\"https:\/\/www.increaweb.com\/#\/schema\/logo\/image\/\",\"url\":\"https:\/\/www.increaweb.com\/wp-content\/uploads\/2019\/08\/Logo_yeni1.png\",\"contentUrl\":\"https:\/\/www.increaweb.com\/wp-content\/uploads\/2019\/08\/Logo_yeni1.png\",\"width\":1000,\"height\":118,\"caption\":\"IncreaWeb Solutions\"},\"image\":{\"@id\":\"https:\/\/www.increaweb.com\/#\/schema\/logo\/image\/\"}}]}<\/script>\n<!-- \/ Yoast SEO plugin. -->","yoast_head_json":{"title":"Web Geli\u015ftirme | IncreaWeb","robots":{"index":"index","follow":"follow","max-snippet":"max-snippet:-1","max-image-preview":"max-image-preview:large","max-video-preview":"max-video-preview:-1"},"canonical":"https:\/\/www.increaweb.com\/tr\/web-gelistirme\/","og_locale":"tr_TR","og_type":"article","og_title":"Web Geli\u015ftirme | IncreaWeb","og_description":"[vc_row row_type=&#8221;3&#8243; blox_image=&#8221;9467&#8243; align_center=&#8221;aligncenter&#8221; page_title=&#8221;page-title-x&#8221; blox_dark=&#8221;true&#8221; parallax_speed=&#8221;7&#8243;][vc_column][vc_column_text] WEB GEL\u0130\u015eT\u0130RME [\/vc_column_text][\/vc_column][\/vc_row][vc_row][vc_column width=&#8221;1\/6&#8243;][\/vc_column][vc_column width=&#8221;2\/3&#8243;][vc_icon icon_fontawesome=&#8221;fas fa-laptop-code&#8221; color=&#8221;grey&#8221; size=&#8221;xl&#8221; align=&#8221;center&#8221;][vc_column_text] Geli\u015ftirme Paketlenmi\u015f CMS veya E-ticaret \u00e7\u00f6z\u00fcmleri m\u00fc\u015fterilerimize s\u0131n\u0131rlamalar getirdi\u011finde, \u00f6zel Web Geli\u015ftirme se\u00e7ene\u011fimizi sunuyoruz. Her t\u00fcr b\u00fct\u00e7eye uygun siteler ve uygulamalar geli\u015ftirme konusunda geni\u015f deneyime sahibiz. [\/vc_column_text][\/vc_column][vc_column width=&#8221;1\/6&#8243;][\/vc_column][\/vc_row][vc_row][vc_column width=&#8221;1\/6&#8243;][\/vc_column][vc_column width=&#8221;2\/3&#8243;][vc_icon icon_fontawesome=&#8221;far fa-lightbulb&#8221; color=&#8221;grey&#8221; size=&#8221;xl&#8221; align=&#8221;center&#8221;][vc_column_text] Yakla\u015f\u0131m\u0131m\u0131z Yakla\u015f\u0131m\u0131m\u0131z temellere geri d\u00f6nmek ve m\u00fc\u015fterilerimizin &#8211; ve kullan\u0131c\u0131lar\u0131n\u0131n &#8211; asl\u0131nda ne yapmalar\u0131 gerekti\u011fini anlamakt\u0131r.\u00a0Bunlar\u0131 s\u0131f\u0131rdan ba\u015flay\u0131p, end\u00fcstri standard\u0131 geli\u015ftirme \u00e7er\u00e7evelerini kullanarak in\u015fa ediyoruz, b\u00f6ylece gereksinimlerinize m\u00fckemmel \u015fekilde uyan ve uzun vadede s\u00fcrd\u00fcr\u00fclebilir hale getiriyoruz. [\/vc_column_text][\/vc_column][vc_column width=&#8221;1\/6&#8243;][\/vc_column][\/vc_row][vc_row row_type=&#8221;2&#8243; blox_padding_top=&#8221;70&#8243; blox_bgcolor=&#8221;#f6f8f9&#8243;][vc_column][\/vc_column][\/vc_row][vc_row row_type=&#8221;1&#8243;][vc_column][\/vc_column][\/vc_row][vc_row][vc_column][\/vc_column][\/vc_row][vc_row][vc_column width=&#8221;1\/2&#8243;][\/vc_column][vc_column width=&#8221;1\/2&#8243;][\/vc_column][\/vc_row][vc_row row_type=&#8221;2&#8243; blox_image=&#8221;9171&#8243; blox_cover=&#8221;false&#8221; blox_repeat=&#8221;repeat&#8221; blox_dark=&#8221;true&#8221; blox_bgcolor=&#8221;#00c2e5&#8243;][vc_column][vc_row_inner][vc_column_inner el_class=&#8221;aligncenter&#8221;][vc_column_text] Projelerimiz M\u00fc\u015fterilerimizin hedeflerini ger\u00e7e\u011fe ba\u011flamak i\u00e7in Web teknolojisinde k\u00f6pr\u00fcler kuruyoruz [\/vc_column_text][\/vc_column_inner][\/vc_row_inner][\/vc_column][\/vc_row][vc_row row_type=&#8221;2&#8243; blox_height=&#8221;350&#8243; blox_image=&#8221;9123&#8243;][vc_column el_class=&#8221;aligncenter&#8221;][vc_column_text] \u015eimdi !! Projenize Ba\u015flayal\u0131m Hedeflerinize ula\u015fman\u0131z ve i\u015finizi b\u00fcy\u00fctmeniz i\u00e7in buraday\u0131z. [\/vc_column_text][\/vc_column][\/vc_row]","og_url":"https:\/\/www.increaweb.com\/tr\/web-gelistirme\/","og_site_name":"IncreaWeb","article_modified_time":"2023-02-28T14:21:22+00:00","twitter_card":"summary_large_image","twitter_misc":{"Tahmini okuma s\u00fcresi":"5 dakika"},"schema":{"@context":"https:\/\/schema.org","@graph":[{"@type":"WebPage","@id":"https:\/\/www.increaweb.com\/tr\/web-gelistirme\/","url":"https:\/\/www.increaweb.com\/tr\/web-gelistirme\/","name":"Web Geli\u015ftirme | IncreaWeb","isPartOf":{"@id":"https:\/\/www.increaweb.com\/#website"},"datePublished":"2019-07-17T12:05:24+00:00","dateModified":"2023-02-28T14:21:22+00:00","breadcrumb":{"@id":"https:\/\/www.increaweb.com\/tr\/web-gelistirme\/#breadcrumb"},"inLanguage":"tr","potentialAction":[{"@type":"ReadAction","target":["https:\/\/www.increaweb.com\/tr\/web-gelistirme\/"]}]},{"@type":"BreadcrumbList","@id":"https:\/\/www.increaweb.com\/tr\/web-gelistirme\/#breadcrumb","itemListElement":[{"@type":"ListItem","position":1,"name":"Home","item":"https:\/\/www.increaweb.com\/tr\/ana-sayfa\/"},{"@type":"ListItem","position":2,"name":"Web Geli\u015ftirme"}]},{"@type":"WebSite","@id":"https:\/\/www.increaweb.com\/#website","url":"https:\/\/www.increaweb.com\/","name":"IncreaWeb","description":"Increa Web Solutions","publisher":{"@id":"https:\/\/www.increaweb.com\/#organization"},"potentialAction":[{"@type":"SearchAction","target":{"@type":"EntryPoint","urlTemplate":"https:\/\/www.increaweb.com\/?s={search_term_string}"},"query-input":{"@type":"PropertyValueSpecification","valueRequired":true,"valueName":"search_term_string"}}],"inLanguage":"tr"},{"@type":"Organization","@id":"https:\/\/www.increaweb.com\/#organization","name":"IncreaWeb Solutions","url":"https:\/\/www.increaweb.com\/","logo":{"@type":"ImageObject","inLanguage":"tr","@id":"https:\/\/www.increaweb.com\/#\/schema\/logo\/image\/","url":"https:\/\/www.increaweb.com\/wp-content\/uploads\/2019\/08\/Logo_yeni1.png","contentUrl":"https:\/\/www.increaweb.com\/wp-content\/uploads\/2019\/08\/Logo_yeni1.png","width":1000,"height":118,"caption":"IncreaWeb Solutions"},"image":{"@id":"https:\/\/www.increaweb.com\/#\/schema\/logo\/image\/"}}]}},"_links":{"self":[{"href":"https:\/\/www.increaweb.com\/tr\/wp-json\/wp\/v2\/pages\/9979","targetHints":{"allow":["GET"]}}],"collection":[{"href":"https:\/\/www.increaweb.com\/tr\/wp-json\/wp\/v2\/pages"}],"about":[{"href":"https:\/\/www.increaweb.com\/tr\/wp-json\/wp\/v2\/types\/page"}],"author":[{"embeddable":true,"href":"https:\/\/www.increaweb.com\/tr\/wp-json\/wp\/v2\/users\/1"}],"replies":[{"embeddable":true,"href":"https:\/\/www.increaweb.com\/tr\/wp-json\/wp\/v2\/comments?post=9979"}],"version-history":[{"count":0,"href":"https:\/\/www.increaweb.com\/tr\/wp-json\/wp\/v2\/pages\/9979\/revisions"}],"wp:attachment":[{"href":"https:\/\/www.increaweb.com\/tr\/wp-json\/wp\/v2\/media?parent=9979"}],"curies":[{"name":"wp","href":"https:\/\/api.w.org\/{rel}","templated":true}]}}