{"id":9935,"date":"2019-07-16T12:31:46","date_gmt":"2019-07-16T12:31:46","guid":{"rendered":"https:\/\/increaweb.com\/?page_id=9935"},"modified":"2019-07-16T17:26:24","modified_gmt":"2019-07-16T17:26:24","slug":"teklif-iste","status":"publish","type":"page","link":"https:\/\/www.increaweb.com\/tr\/teklif-iste\/","title":{"rendered":"Teklif \u0130ste"},"content":{"rendered":"<div class=\"wpb-content-wrapper\"><p>[vc_row row_type=&#8221;3&#8243; blox_image=&#8221;9337&#8243; align_center=&#8221;aligncenter&#8221; page_title=&#8221;page-title-x&#8221; blox_dark=&#8221;true&#8221; parallax_speed=&#8221;7&#8243;][vc_column]<hr class=\"vertical-space5\"><hr class=\"vertical-space5\"><hr class=\"vertical-space3\">[vc_column_text]<\/p>\n<h2 class=\"respo-tagline\" style=\"text-align: center; letter-spacing: 1px;\"><strong>TEKL\u0130F \u0130STE<\/strong><\/h2>\n<p>[\/vc_column_text]<hr class=\"vertical-space5\"><hr class=\"vertical-space5\">[\/vc_column][\/vc_row][vc_row row_type=&#8221;2&#8243; page_title=&#8221;page-title-x&#8221; blox_padding_top=&#8221;50&#8243; blox_padding_bottom=&#8221;50&#8243; blox_bgcolor=&#8221;#f7f7f7&#8243;][vc_column width=&#8221;1\/6&#8243;][\/vc_column][vc_column width=&#8221;2\/3&#8243;]<hr class=\"vertical-space5\">[vc_column_text]<\/p>\n<h3 style=\"text-align: center;\"><strong>L\u00fctfen formu doldurunuz<\/strong><\/h3>\n<p style=\"text-align: center;\">Hizmetlerimiz hakk\u0131nda \u00dcCRETS\u0130Z bir Teklif almak i\u00e7in l\u00fctfen formu eksiksiz doldurunuz. M\u00fcmk\u00fcn olan en k\u0131sa s\u00fcrede size cevap verece\u011fiz.<\/p>\n<p>[\/vc_column_text]<hr class=\"vertical-space3\">\n<div class=\"wpcf7 no-js\" id=\"wpcf7-f9938-o1\" lang=\"en-US\" dir=\"ltr\" data-wpcf7-id=\"9938\">\n<div class=\"screen-reader-response\"><p role=\"status\" aria-live=\"polite\" aria-atomic=\"true\"><\/p> <ul><\/ul><\/div>\n<form action=\"\/tr\/wp-json\/wp\/v2\/pages\/9935#wpcf7-f9938-o1\" method=\"post\" class=\"wpcf7-form init\" aria-label=\"Contact form\" novalidate=\"novalidate\" data-status=\"init\">\n<div style=\"display: none;\">\n<input type=\"hidden\" name=\"_wpcf7\" value=\"9938\" \/>\n<input type=\"hidden\" name=\"_wpcf7_version\" value=\"6.0.6\" \/>\n<input type=\"hidden\" name=\"_wpcf7_locale\" value=\"en_US\" \/>\n<input type=\"hidden\" name=\"_wpcf7_unit_tag\" value=\"wpcf7-f9938-o1\" \/>\n<input type=\"hidden\" name=\"_wpcf7_container_post\" value=\"0\" \/>\n<input type=\"hidden\" name=\"_wpcf7_posted_data_hash\" value=\"\" \/>\n<input type=\"hidden\" name=\"_wpcf7_recaptcha_response\" value=\"\" \/>\n<\/div>\n<div id=\"seo_consolation_form\">\n\t<div class=\"row\">\n\t\t<div class=\"col-sm-6\">\n\t\t\t<p class=\"seotitle\">Ad\u0131n\u0131z \/ Soyad\u0131n\u0131z*\n\t\t\t<\/p>\n\t\t\t<p><span class=\"wpcf7-form-control-wrap\" data-name=\"Name\"><input size=\"40\" maxlength=\"400\" class=\"wpcf7-form-control wpcf7-text wpcf7-validates-as-required seostyle\" aria-required=\"true\" aria-invalid=\"false\" value=\"\" type=\"text\" name=\"Name\" \/><\/span>\n\t\t\t<\/p>\n\t\t<\/div>\n\t\t<div class=\"col-sm-6\">\n\t\t\t<p class=\"seotitle\">Telefon Numaran\u0131z*\n\t\t\t<\/p>\n\t\t\t<p><span class=\"wpcf7-form-control-wrap\" data-name=\"Phone\"><input size=\"40\" maxlength=\"400\" class=\"wpcf7-form-control wpcf7-tel wpcf7-validates-as-required wpcf7-text wpcf7-validates-as-tel seostyle\" aria-required=\"true\" aria-invalid=\"false\" value=\"\" type=\"tel\" name=\"Phone\" \/><\/span>\n\t\t\t<\/p>\n\t\t<\/div>\n\t<\/div>\n\t<div class=\"row\">\n\t\t<div class=\"col-sm-6\">\n\t\t\t<p class=\"seotitle\">E-Posta Adresiniz*\n\t\t\t<\/p>\n\t\t\t<p><span class=\"wpcf7-form-control-wrap\" data-name=\"Email\"><input size=\"40\" maxlength=\"400\" class=\"wpcf7-form-control wpcf7-email wpcf7-validates-as-required wpcf7-text wpcf7-validates-as-email seostyle\" aria-required=\"true\" aria-invalid=\"false\" value=\"\" type=\"email\" name=\"Email\" \/><\/span>\n\t\t\t<\/p>\n\t\t<\/div>\n\t\t<div class=\"col-sm-6\">\n\t\t\t<p class=\"seotitle\">WebSite Adresiniz\n\t\t\t<\/p>\n\t\t\t<p><span class=\"wpcf7-form-control-wrap\" data-name=\"Your\"><input size=\"40\" maxlength=\"400\" class=\"wpcf7-form-control wpcf7-text seostyle\" aria-invalid=\"false\" value=\"\" type=\"text\" name=\"Your\" \/><\/span>\n\t\t\t<\/p>\n\t\t<\/div>\n\t<\/div>\n\t<div class=\"row\">\n\t\t<div class=\"col-sm-12\">\n\t\t\t<p class=\"seotitle\">Size nas\u0131l yard\u0131mc\u0131 olabiliriz ?\n\t\t\t<\/p>\n\t\t\t<p><span class=\"wpcf7-form-control-wrap\" data-name=\"textarea\"><textarea cols=\"40\" rows=\"10\" maxlength=\"2000\" class=\"wpcf7-form-control wpcf7-textarea seostyle\" aria-invalid=\"false\" name=\"textarea\"><\/textarea><\/span>\n\t\t\t<\/p>\n\t\t<\/div>\n\t<\/div>\n\t<div class=\"row\">\n\t\t<div class=\"col-sm-6\">\n\t\t\t<p class=\"checkboxtitle\">Hedefiniz Nedir ?\n\t\t\t<\/p>\n\t\t<\/div>\n\t\t<div class=\"col-sm-6\">\n\t\t<\/div>\n\t<\/div>\n\t<div class=\"row\">\n\t\t<div class=\"col-sm-6\">\n\t\t\t<p class=\"checkbox_seo_title\"><span class=\"wpcf7-form-control-wrap\" data-name=\"checkbox\"><span class=\"wpcf7-form-control wpcf7-checkbox seo_from_checkbox\"><span class=\"wpcf7-list-item first\"><label><input type=\"checkbox\" name=\"checkbox[]\" value=\"Website Tasar\u0131m\u0131\" \/><span class=\"wpcf7-list-item-label\">Website Tasar\u0131m\u0131<\/span><\/label><\/span><span class=\"wpcf7-list-item\"><label><input type=\"checkbox\" name=\"checkbox[]\" value=\"SEO Optimizasyonu\" \/><span class=\"wpcf7-list-item-label\">SEO Optimizasyonu<\/span><\/label><\/span><span class=\"wpcf7-list-item last\"><label><input type=\"checkbox\" name=\"checkbox[]\" value=\"Web Geli\u015ftirme\" \/><span class=\"wpcf7-list-item-label\">Web Geli\u015ftirme<\/span><\/label><\/span><\/span><\/span>\n\t\t\t<\/p>\n\t\t<\/div>\n\t\t<div class=\"col-sm-6\">\n\t\t\t<p class=\"checkbox_seo_title\"><span class=\"wpcf7-form-control-wrap\" data-name=\"checkbox-745\"><span class=\"wpcf7-form-control wpcf7-checkbox seo_from_checkbox\"><span class=\"wpcf7-list-item first\"><label><input type=\"checkbox\" name=\"checkbox-745[]\" value=\"Online Pazarlama\" \/><span class=\"wpcf7-list-item-label\">Online Pazarlama<\/span><\/label><\/span><span class=\"wpcf7-list-item\"><label><input type=\"checkbox\" name=\"checkbox-745[]\" value=\"Digital Markala\u015fma\" \/><span class=\"wpcf7-list-item-label\">Digital Markala\u015fma<\/span><\/label><\/span><span class=\"wpcf7-list-item last\"><label><input type=\"checkbox\" name=\"checkbox-745[]\" value=\"Wordpress Hosting\" \/><span class=\"wpcf7-list-item-label\">Wordpress Hosting<\/span><\/label><\/span><\/span><\/span>\n\t\t\t<\/p>\n\t\t<\/div>\n\t<\/div>\n\t<div class=\"row\">\n\t\t<div class=\"col-sm-5 seo_contact_btn\">\n\t\t\t<p><input class=\"wpcf7-form-control wpcf7-submit has-spinner seo_form_btn_sent seo_form_btn_style\" type=\"submit\" value=\"G\u00d6NDER\" \/>\n\t\t\t<\/p>\n\t\t<\/div>\n\t<\/div>\n<\/div><div class=\"wpcf7-response-output\" aria-hidden=\"true\"><\/div>\n<\/form>\n<\/div>\n<hr class=\"vertical-space5\">[\/vc_column][vc_column width=&#8221;1\/6&#8243;][\/vc_column][\/vc_row][vc_row row_type=&#8221;2&#8243; blox_image=&#8221;9171&#8243; blox_cover=&#8221;false&#8221; blox_repeat=&#8221;repeat&#8221; blox_dark=&#8221;true&#8221; blox_bgcolor=&#8221;#00c2e5&#8243;][vc_column]<hr class=\"vertical-space3\">[vc_row_inner][vc_column_inner el_class=&#8221;aligncenter&#8221;][vc_column_text]<\/p>\n<h1 style=\"text-align: center;\"><strong>Projelerimiz<\/strong><\/h1>\n<p style=\"text-align: center;\">M\u00fc\u015fterilerimizin hedeflerini ger\u00e7e\u011fe ba\u011flamak i\u00e7in Web teknolojisinde k\u00f6pr\u00fcler kuruyoruz<\/p>\n<p>[\/vc_column_text]<hr class=\"vertical-space2\"><a href=\"#\" class=\"button white  medium bordered-bot \" target=\"_self\">T\u00dcM PORTF\u00d6Y\u00dc G\u00d6R\u00dcN<\/a>[\/vc_column_inner][\/vc_row_inner]<hr class=\"vertical-space2\">[\/vc_column][\/vc_row]<\/p>\n<\/div>","protected":false},"excerpt":{"rendered":"<p>[vc_row row_type=&#8221;3&#8243; blox_image=&#8221;9337&#8243; align_center=&#8221;aligncenter&#8221; page_title=&#8221;page-title-x&#8221; blox_dark=&#8221;true&#8221; parallax_speed=&#8221;7&#8243;][vc_column][vc_column_text] TEKL\u0130F \u0130STE [\/vc_column_text][\/vc_column][\/vc_row][vc_row row_type=&#8221;2&#8243; page_title=&#8221;page-title-x&#8221; blox_padding_top=&#8221;50&#8243; blox_padding_bottom=&#8221;50&#8243; blox_bgcolor=&#8221;#f7f7f7&#8243;][vc_column width=&#8221;1\/6&#8243;][\/vc_column][vc_column width=&#8221;2\/3&#8243;][vc_column_text] L\u00fctfen formu doldurunuz Hizmetlerimiz hakk\u0131nda \u00dcCRETS\u0130Z bir Teklif almak i\u00e7in l\u00fctfen formu eksiksiz doldurunuz. M\u00fcmk\u00fcn olan en k\u0131sa s\u00fcrede size cevap verece\u011fiz. [\/vc_column_text][\/vc_column][vc_column width=&#8221;1\/6&#8243;][\/vc_column][\/vc_row][vc_row row_type=&#8221;2&#8243; blox_image=&#8221;9171&#8243; blox_cover=&#8221;false&#8221; blox_repeat=&#8221;repeat&#8221; blox_dark=&#8221;true&#8221; blox_bgcolor=&#8221;#00c2e5&#8243;][vc_column][vc_row_inner][vc_column_inner el_class=&#8221;aligncenter&#8221;][vc_column_text] Projelerimiz M\u00fc\u015fterilerimizin hedeflerini ger\u00e7e\u011fe ba\u011flamak i\u00e7in Web teknolojisinde k\u00f6pr\u00fcler kuruyoruz [\/vc_column_text][\/vc_column_inner][\/vc_row_inner][\/vc_column][\/vc_row]<\/p>\n","protected":false},"author":1,"featured_media":0,"parent":0,"menu_order":0,"comment_status":"closed","ping_status":"closed","template":"","meta":{"footnotes":""},"class_list":["post-9935","page","type-page","status-publish","hentry"],"yoast_head":"<!-- This site is optimized with the Yoast SEO plugin v26.9 - https:\/\/yoast.com\/product\/yoast-seo-wordpress\/ -->\n<title>Teklif \u0130ste | IncreaWeb<\/title>\n<meta name=\"robots\" content=\"index, follow, max-snippet:-1, max-image-preview:large, max-video-preview:-1\" \/>\n<link rel=\"canonical\" href=\"https:\/\/www.increaweb.com\/tr\/teklif-iste\/\" \/>\n<meta property=\"og:locale\" content=\"tr_TR\" \/>\n<meta property=\"og:type\" content=\"article\" \/>\n<meta property=\"og:title\" content=\"Teklif \u0130ste | IncreaWeb\" \/>\n<meta property=\"og:description\" content=\"[vc_row row_type=&#8221;3&#8243; blox_image=&#8221;9337&#8243; align_center=&#8221;aligncenter&#8221; page_title=&#8221;page-title-x&#8221; blox_dark=&#8221;true&#8221; parallax_speed=&#8221;7&#8243;][vc_column][vc_column_text] TEKL\u0130F \u0130STE [\/vc_column_text][\/vc_column][\/vc_row][vc_row row_type=&#8221;2&#8243; page_title=&#8221;page-title-x&#8221; blox_padding_top=&#8221;50&#8243; blox_padding_bottom=&#8221;50&#8243; blox_bgcolor=&#8221;#f7f7f7&#8243;][vc_column width=&#8221;1\/6&#8243;][\/vc_column][vc_column width=&#8221;2\/3&#8243;][vc_column_text] L\u00fctfen formu doldurunuz Hizmetlerimiz hakk\u0131nda \u00dcCRETS\u0130Z bir Teklif almak i\u00e7in l\u00fctfen formu eksiksiz doldurunuz. M\u00fcmk\u00fcn olan en k\u0131sa s\u00fcrede size cevap verece\u011fiz. [\/vc_column_text][\/vc_column][vc_column width=&#8221;1\/6&#8243;][\/vc_column][\/vc_row][vc_row row_type=&#8221;2&#8243; blox_image=&#8221;9171&#8243; blox_cover=&#8221;false&#8221; blox_repeat=&#8221;repeat&#8221; blox_dark=&#8221;true&#8221; blox_bgcolor=&#8221;#00c2e5&#8243;][vc_column][vc_row_inner][vc_column_inner el_class=&#8221;aligncenter&#8221;][vc_column_text] Projelerimiz M\u00fc\u015fterilerimizin hedeflerini ger\u00e7e\u011fe ba\u011flamak i\u00e7in Web teknolojisinde k\u00f6pr\u00fcler kuruyoruz [\/vc_column_text][\/vc_column_inner][\/vc_row_inner][\/vc_column][\/vc_row]\" \/>\n<meta property=\"og:url\" content=\"https:\/\/www.increaweb.com\/tr\/teklif-iste\/\" \/>\n<meta property=\"og:site_name\" content=\"IncreaWeb\" \/>\n<meta property=\"article:modified_time\" content=\"2019-07-16T17:26:24+00:00\" \/>\n<meta name=\"twitter:card\" content=\"summary_large_image\" \/>\n<meta name=\"twitter:label1\" content=\"Tahmini okuma s\u00fcresi\" \/>\n\t<meta name=\"twitter:data1\" content=\"1 dakika\" \/>\n<script type=\"application\/ld+json\" class=\"yoast-schema-graph\">{\"@context\":\"https:\/\/schema.org\",\"@graph\":[{\"@type\":\"WebPage\",\"@id\":\"https:\/\/www.increaweb.com\/tr\/teklif-iste\/\",\"url\":\"https:\/\/www.increaweb.com\/tr\/teklif-iste\/\",\"name\":\"Teklif \u0130ste | IncreaWeb\",\"isPartOf\":{\"@id\":\"https:\/\/www.increaweb.com\/#website\"},\"datePublished\":\"2019-07-16T12:31:46+00:00\",\"dateModified\":\"2019-07-16T17:26:24+00:00\",\"breadcrumb\":{\"@id\":\"https:\/\/www.increaweb.com\/tr\/teklif-iste\/#breadcrumb\"},\"inLanguage\":\"tr\",\"potentialAction\":[{\"@type\":\"ReadAction\",\"target\":[\"https:\/\/www.increaweb.com\/tr\/teklif-iste\/\"]}]},{\"@type\":\"BreadcrumbList\",\"@id\":\"https:\/\/www.increaweb.com\/tr\/teklif-iste\/#breadcrumb\",\"itemListElement\":[{\"@type\":\"ListItem\",\"position\":1,\"name\":\"Home\",\"item\":\"https:\/\/www.increaweb.com\/tr\/ana-sayfa\/\"},{\"@type\":\"ListItem\",\"position\":2,\"name\":\"Teklif \u0130ste\"}]},{\"@type\":\"WebSite\",\"@id\":\"https:\/\/www.increaweb.com\/#website\",\"url\":\"https:\/\/www.increaweb.com\/\",\"name\":\"IncreaWeb\",\"description\":\"Increa Web Solutions\",\"publisher\":{\"@id\":\"https:\/\/www.increaweb.com\/#organization\"},\"potentialAction\":[{\"@type\":\"SearchAction\",\"target\":{\"@type\":\"EntryPoint\",\"urlTemplate\":\"https:\/\/www.increaweb.com\/?s={search_term_string}\"},\"query-input\":{\"@type\":\"PropertyValueSpecification\",\"valueRequired\":true,\"valueName\":\"search_term_string\"}}],\"inLanguage\":\"tr\"},{\"@type\":\"Organization\",\"@id\":\"https:\/\/www.increaweb.com\/#organization\",\"name\":\"IncreaWeb Solutions\",\"url\":\"https:\/\/www.increaweb.com\/\",\"logo\":{\"@type\":\"ImageObject\",\"inLanguage\":\"tr\",\"@id\":\"https:\/\/www.increaweb.com\/#\/schema\/logo\/image\/\",\"url\":\"https:\/\/www.increaweb.com\/wp-content\/uploads\/2019\/08\/Logo_yeni1.png\",\"contentUrl\":\"https:\/\/www.increaweb.com\/wp-content\/uploads\/2019\/08\/Logo_yeni1.png\",\"width\":1000,\"height\":118,\"caption\":\"IncreaWeb Solutions\"},\"image\":{\"@id\":\"https:\/\/www.increaweb.com\/#\/schema\/logo\/image\/\"}}]}<\/script>\n<!-- \/ Yoast SEO plugin. -->","yoast_head_json":{"title":"Teklif \u0130ste | IncreaWeb","robots":{"index":"index","follow":"follow","max-snippet":"max-snippet:-1","max-image-preview":"max-image-preview:large","max-video-preview":"max-video-preview:-1"},"canonical":"https:\/\/www.increaweb.com\/tr\/teklif-iste\/","og_locale":"tr_TR","og_type":"article","og_title":"Teklif \u0130ste | IncreaWeb","og_description":"[vc_row row_type=&#8221;3&#8243; blox_image=&#8221;9337&#8243; align_center=&#8221;aligncenter&#8221; page_title=&#8221;page-title-x&#8221; blox_dark=&#8221;true&#8221; parallax_speed=&#8221;7&#8243;][vc_column][vc_column_text] TEKL\u0130F \u0130STE [\/vc_column_text][\/vc_column][\/vc_row][vc_row row_type=&#8221;2&#8243; page_title=&#8221;page-title-x&#8221; blox_padding_top=&#8221;50&#8243; blox_padding_bottom=&#8221;50&#8243; blox_bgcolor=&#8221;#f7f7f7&#8243;][vc_column width=&#8221;1\/6&#8243;][\/vc_column][vc_column width=&#8221;2\/3&#8243;][vc_column_text] L\u00fctfen formu doldurunuz Hizmetlerimiz hakk\u0131nda \u00dcCRETS\u0130Z bir Teklif almak i\u00e7in l\u00fctfen formu eksiksiz doldurunuz. M\u00fcmk\u00fcn olan en k\u0131sa s\u00fcrede size cevap verece\u011fiz. [\/vc_column_text][\/vc_column][vc_column width=&#8221;1\/6&#8243;][\/vc_column][\/vc_row][vc_row row_type=&#8221;2&#8243; blox_image=&#8221;9171&#8243; blox_cover=&#8221;false&#8221; blox_repeat=&#8221;repeat&#8221; blox_dark=&#8221;true&#8221; blox_bgcolor=&#8221;#00c2e5&#8243;][vc_column][vc_row_inner][vc_column_inner el_class=&#8221;aligncenter&#8221;][vc_column_text] Projelerimiz M\u00fc\u015fterilerimizin hedeflerini ger\u00e7e\u011fe ba\u011flamak i\u00e7in Web teknolojisinde k\u00f6pr\u00fcler kuruyoruz [\/vc_column_text][\/vc_column_inner][\/vc_row_inner][\/vc_column][\/vc_row]","og_url":"https:\/\/www.increaweb.com\/tr\/teklif-iste\/","og_site_name":"IncreaWeb","article_modified_time":"2019-07-16T17:26:24+00:00","twitter_card":"summary_large_image","twitter_misc":{"Tahmini okuma s\u00fcresi":"1 dakika"},"schema":{"@context":"https:\/\/schema.org","@graph":[{"@type":"WebPage","@id":"https:\/\/www.increaweb.com\/tr\/teklif-iste\/","url":"https:\/\/www.increaweb.com\/tr\/teklif-iste\/","name":"Teklif \u0130ste | IncreaWeb","isPartOf":{"@id":"https:\/\/www.increaweb.com\/#website"},"datePublished":"2019-07-16T12:31:46+00:00","dateModified":"2019-07-16T17:26:24+00:00","breadcrumb":{"@id":"https:\/\/www.increaweb.com\/tr\/teklif-iste\/#breadcrumb"},"inLanguage":"tr","potentialAction":[{"@type":"ReadAction","target":["https:\/\/www.increaweb.com\/tr\/teklif-iste\/"]}]},{"@type":"BreadcrumbList","@id":"https:\/\/www.increaweb.com\/tr\/teklif-iste\/#breadcrumb","itemListElement":[{"@type":"ListItem","position":1,"name":"Home","item":"https:\/\/www.increaweb.com\/tr\/ana-sayfa\/"},{"@type":"ListItem","position":2,"name":"Teklif \u0130ste"}]},{"@type":"WebSite","@id":"https:\/\/www.increaweb.com\/#website","url":"https:\/\/www.increaweb.com\/","name":"IncreaWeb","description":"Increa Web Solutions","publisher":{"@id":"https:\/\/www.increaweb.com\/#organization"},"potentialAction":[{"@type":"SearchAction","target":{"@type":"EntryPoint","urlTemplate":"https:\/\/www.increaweb.com\/?s={search_term_string}"},"query-input":{"@type":"PropertyValueSpecification","valueRequired":true,"valueName":"search_term_string"}}],"inLanguage":"tr"},{"@type":"Organization","@id":"https:\/\/www.increaweb.com\/#organization","name":"IncreaWeb Solutions","url":"https:\/\/www.increaweb.com\/","logo":{"@type":"ImageObject","inLanguage":"tr","@id":"https:\/\/www.increaweb.com\/#\/schema\/logo\/image\/","url":"https:\/\/www.increaweb.com\/wp-content\/uploads\/2019\/08\/Logo_yeni1.png","contentUrl":"https:\/\/www.increaweb.com\/wp-content\/uploads\/2019\/08\/Logo_yeni1.png","width":1000,"height":118,"caption":"IncreaWeb Solutions"},"image":{"@id":"https:\/\/www.increaweb.com\/#\/schema\/logo\/image\/"}}]}},"_links":{"self":[{"href":"https:\/\/www.increaweb.com\/tr\/wp-json\/wp\/v2\/pages\/9935","targetHints":{"allow":["GET"]}}],"collection":[{"href":"https:\/\/www.increaweb.com\/tr\/wp-json\/wp\/v2\/pages"}],"about":[{"href":"https:\/\/www.increaweb.com\/tr\/wp-json\/wp\/v2\/types\/page"}],"author":[{"embeddable":true,"href":"https:\/\/www.increaweb.com\/tr\/wp-json\/wp\/v2\/users\/1"}],"replies":[{"embeddable":true,"href":"https:\/\/www.increaweb.com\/tr\/wp-json\/wp\/v2\/comments?post=9935"}],"version-history":[{"count":0,"href":"https:\/\/www.increaweb.com\/tr\/wp-json\/wp\/v2\/pages\/9935\/revisions"}],"wp:attachment":[{"href":"https:\/\/www.increaweb.com\/tr\/wp-json\/wp\/v2\/media?parent=9935"}],"curies":[{"name":"wp","href":"https:\/\/api.w.org\/{rel}","templated":true}]}}