{"id":9890,"date":"2019-07-09T15:53:10","date_gmt":"2019-07-09T15:53:10","guid":{"rendered":"https:\/\/increaweb.com\/?page_id=9890"},"modified":"2023-02-28T16:10:38","modified_gmt":"2023-02-28T16:10:38","slug":"iletisim","status":"publish","type":"page","link":"https:\/\/www.increaweb.com\/tr\/iletisim\/","title":{"rendered":"\u0130leti\u015fim"},"content":{"rendered":"<div class=\"wpb-content-wrapper\"><p>[vc_row row_type=&#8221;3&#8243; blox_image=&#8221;9913&#8243; align_center=&#8221;aligncenter&#8221; page_title=&#8221;page-title-x&#8221; blox_dark=&#8221;true&#8221; parallax_speed=&#8221;7&#8243;][vc_column]<hr class=\"vertical-space5\"><hr class=\"vertical-space5\"><hr class=\"vertical-space2\">[vc_column_text css=&#8221;.vc_custom_1563212425089{padding-bottom: 11px !important;}&#8221;]<\/p>\n<h2 style=\"text-align: center;\"><strong>\u0130LET\u0130\u015e\u0130M<\/strong><\/h2>\n<p>[\/vc_column_text]<hr class=\"vertical-space4\"><hr class=\"vertical-space4\">[\/vc_column][\/vc_row][vc_row][vc_column]<hr class=\"vertical-space3\">[\/vc_column][\/vc_row][vc_row blox_class=&#8221;easydesign-contact&#8221;][vc_column el_class=&#8221;aligncenter&#8221;][vc_row_inner][vc_column_inner width=&#8221;1\/6&#8243;][\/vc_column_inner][vc_column_inner width=&#8221;2\/3&#8243;][vc_column_text]<\/p>\n<p style=\"margin-top: 14px; margin-bottom: 25px; font-family: 'Open Sans'; font-size: 17px; color: #51c1e9; font-weight: bold; text-align: center;\"><strong>\u0130\u015e KONU\u015eALIM<\/strong><\/p>\n<p>[\/vc_column_text]\n<div class=\"wpcf7 no-js\" id=\"wpcf7-f9918-o1\" lang=\"en-US\" dir=\"ltr\" data-wpcf7-id=\"9918\">\n<div class=\"screen-reader-response\"><p role=\"status\" aria-live=\"polite\" aria-atomic=\"true\"><\/p> <ul><\/ul><\/div>\n<form action=\"\/tr\/wp-json\/wp\/v2\/pages\/9890#wpcf7-f9918-o1\" method=\"post\" class=\"wpcf7-form init\" aria-label=\"Contact form\" novalidate=\"novalidate\" data-status=\"init\">\n<div style=\"display: none;\">\n<input type=\"hidden\" name=\"_wpcf7\" value=\"9918\" \/>\n<input type=\"hidden\" name=\"_wpcf7_version\" value=\"6.0.6\" \/>\n<input type=\"hidden\" name=\"_wpcf7_locale\" value=\"en_US\" \/>\n<input type=\"hidden\" name=\"_wpcf7_unit_tag\" value=\"wpcf7-f9918-o1\" \/>\n<input type=\"hidden\" name=\"_wpcf7_container_post\" value=\"0\" \/>\n<input type=\"hidden\" name=\"_wpcf7_posted_data_hash\" value=\"\" \/>\n<input type=\"hidden\" name=\"_wpcf7_recaptcha_response\" value=\"\" \/>\n<\/div>\n<!-- name -->\n<div id=\"talk-business\">\n\t<div class=\"row\">\n\t\t<div class=\"col-sm-12\">\n\t\t\t<p class=\"talk-business-title\">Ad\u0131n\u0131z \/ Soyad\u0131n\u0131z\n\t\t\t<\/p>\n\t\t\t<p><span class=\"wpcf7-form-control-wrap\" data-name=\"Name\"><input size=\"40\" maxlength=\"400\" class=\"wpcf7-form-control wpcf7-text style_contact_information\" aria-invalid=\"false\" value=\"\" type=\"text\" name=\"Name\" \/><\/span>\n\t\t\t<\/p>\n\t\t<\/div>\n\t<\/div>\n\n <!-- mail & subject -->\n\t<div class=\"row\">\n\t\t<div class=\"col-sm-6\">\n\t\t\t<p class=\"talk-business-title\">E-Posta Adresiniz\n\t\t\t<\/p>\n\t\t\t<p><span class=\"wpcf7-form-control-wrap\" data-name=\"Email\"><input size=\"40\" maxlength=\"400\" class=\"wpcf7-form-control wpcf7-email wpcf7-text wpcf7-validates-as-email style_contact_information\" aria-invalid=\"false\" value=\"\" type=\"email\" name=\"Email\" \/><\/span>\n\t\t\t<\/p>\n\t\t<\/div>\n\t\t<div class=\"col-sm-6\">\n\t\t\t<p class=\"talk-business-title\">Konu\n\t\t\t<\/p>\n\t\t\t<p><span class=\"wpcf7-form-control-wrap\" data-name=\"Subject\"><input size=\"40\" maxlength=\"400\" class=\"wpcf7-form-control wpcf7-text style_contact_information\" aria-invalid=\"false\" value=\"\" type=\"text\" name=\"Subject\" \/><\/span>\n\t\t\t<\/p>\n\t\t<\/div>\n\t<\/div>\n\n <!-- text area -->\n\t<div class=\"row\">\n\t\t<div class=\"col-sm-12\">\n\t\t\t<p class=\"talk-business-title\">Mesaj\u0131n\u0131z\n\t\t\t<\/p>\n\t\t\t<p><span class=\"wpcf7-form-control-wrap\" data-name=\"Textarea\"><textarea cols=\"40\" rows=\"10\" maxlength=\"2000\" class=\"wpcf7-form-control wpcf7-textarea style_contact_information\" aria-invalid=\"false\" name=\"Textarea\"><\/textarea><\/span>\n\t\t\t<\/p>\n\t\t<\/div>\n\t<\/div>\n\n <!-- btns -->\n\t<div class=\"row contact_information_btns\">\n\t\t<div class=\"col-sm-4\">\n\t\t<\/div>\n\t\t<div class=\"col-sm-4\">\n\t\t\t<p><input class=\"wpcf7-form-control wpcf7-submit has-spinner\" type=\"submit\" value=\"G\u00f6nder\" \/>\n\t\t\t<\/p>\n\t\t<\/div>\n\t\t<div class=\"col-sm-4\">\n\t\t<\/div>\n\t<\/div>\n<\/div><div class=\"wpcf7-response-output\" aria-hidden=\"true\"><\/div>\n<\/form>\n<\/div>\n<hr class=\"vertical-space2\">[\/vc_column_inner][vc_column_inner width=&#8221;1\/6&#8243;][\/vc_column_inner][\/vc_row_inner][vc_row_inner][vc_column_inner el_class=&#8221;alignleft&#8221;][vc_gmaps link=&#8221;#E-8_JTNDaWZyYW1lJTIwc3JjJTNEJTIyaHR0cHMlM0ElMkYlMkZ3d3cuZ29vZ2xlLmNvbSUyRm1hcHMlMkZlbWJlZCUzRnBiJTNEJTIxMW0xOCUyMTFtMTIlMjExbTMlMjExZDYxNS42MjcxODg0NzU4NDAxJTIxMmQtMC4zOTI5MjUyNDczNjI3ODE2JTIxM2Q1MS44ODgxNzkxMjMwMjYlMjEybTMlMjExZjAlMjEyZjAlMjEzZjAlMjEzbTIlMjExaTEwMjQlMjEyaTc2OCUyMTRmMTMuMSUyMTNtMyUyMTFtMiUyMTFzMHg0ODc2NDk5OTQ5YTA2ZGUxJTI1M0EweDhhNDY4ZDNmYjk5NzE0NGElMjEyczEzNSUyNTIwU3RhbmZvcmQlMjUyMFJkJTI1MkMlMjUyMEx1dG9uJTI1MjBMVTIlMjUyMDBQWiUyMTVlMCUyMTNtMiUyMTFzdHIlMjEyc3VrJTIxNHYxNjc3NjAwNTc1OTM2JTIxNW0yJTIxMXN0ciUyMTJzdWslMjIlMjB3aWR0aCUzRCUyMjYwMCUyMiUyMGhlaWdodCUzRCUyMjQ1MCUyMiUyMHN0eWxlJTNEJTIyYm9yZGVyJTNBMCUzQiUyMiUyMGFsbG93ZnVsbHNjcmVlbiUzRCUyMiUyMiUyMGxvYWRpbmclM0QlMjJsYXp5JTIyJTIwcmVmZXJyZXJwb2xpY3klM0QlMjJuby1yZWZlcnJlci13aGVuLWRvd25ncmFkZSUyMiUzRSUzQyUyRmlmcmFtZSUzRQ==&#8221; size=&#8221;299&#8243;]<hr class=\"vertical-space2\">\n\t<div class=\"max-title max-title5\">\n\t\t<h4 style=\"color: #1fc1b1;\">\u0130LET\u0130\u015e\u0130M<\/h2>\n\t<\/div>[vc_column_text css=&#8221;.vc_custom_1660569570138{padding-top: 23px !important;}&#8221;]<\/p>\n<p style=\"font-size: 14px; font-weight: bolder; color: #0cb9e7; margin-bottom: 0px; text-align: center;\">Adres:<\/p>\n<p style=\"text-align: center;\">135 Stanford Road, Luton, ENGLAND, LU2 0PZ<\/p>\n<p style=\"font-size: 14px; font-weight: bolder; color: #0cb9e7; margin-bottom: 0px; text-align: center;\">Telefon:<\/p>\n<p style=\"text-align: center;\">+90 (552) 600 35 51<\/p>\n<p style=\"text-align: center;\">+44 (740) 519-1496<\/p>\n<p style=\"font-size: 14px; font-weight: bolder; color: #0cb9e7; margin-bottom: 0px; text-align: center;\">E-Posta:<\/p>\n<p style=\"text-align: center;\">info@increaweb.com<\/p>\n<p>[\/vc_column_text][\/vc_column_inner][\/vc_row_inner][\/vc_column][\/vc_row]<\/p>\n<\/div>","protected":false},"excerpt":{"rendered":"<p>[vc_row row_type=&#8221;3&#8243; blox_image=&#8221;9913&#8243; align_center=&#8221;aligncenter&#8221; page_title=&#8221;page-title-x&#8221; blox_dark=&#8221;true&#8221; parallax_speed=&#8221;7&#8243;][vc_column][vc_column_text css=&#8221;.vc_custom_1563212425089{padding-bottom: 11px !important;}&#8221;] \u0130LET\u0130\u015e\u0130M [\/vc_column_text][\/vc_column][\/vc_row][vc_row][vc_column][\/vc_column][\/vc_row][vc_row blox_class=&#8221;easydesign-contact&#8221;][vc_column el_class=&#8221;aligncenter&#8221;][vc_row_inner][vc_column_inner width=&#8221;1\/6&#8243;][\/vc_column_inner][vc_column_inner width=&#8221;2\/3&#8243;][vc_column_text] \u0130\u015e KONU\u015eALIM [\/vc_column_text][\/vc_column_inner][vc_column_inner width=&#8221;1\/6&#8243;][\/vc_column_inner][\/vc_row_inner][vc_row_inner][vc_column_inner el_class=&#8221;alignleft&#8221;][vc_gmaps link=&#8221;#E-8_JTNDaWZyYW1lJTIwc3JjJTNEJTIyaHR0cHMlM0ElMkYlMkZ3d3cuZ29vZ2xlLmNvbSUyRm1hcHMlMkZlbWJlZCUzRnBiJTNEJTIxMW0xOCUyMTFtMTIlMjExbTMlMjExZDYxNS42MjcxODg0NzU4NDAxJTIxMmQtMC4zOTI5MjUyNDczNjI3ODE2JTIxM2Q1MS44ODgxNzkxMjMwMjYlMjEybTMlMjExZjAlMjEyZjAlMjEzZjAlMjEzbTIlMjExaTEwMjQlMjEyaTc2OCUyMTRmMTMuMSUyMTNtMyUyMTFtMiUyMTFzMHg0ODc2NDk5OTQ5YTA2ZGUxJTI1M0EweDhhNDY4ZDNmYjk5NzE0NGElMjEyczEzNSUyNTIwU3RhbmZvcmQlMjUyMFJkJTI1MkMlMjUyMEx1dG9uJTI1MjBMVTIlMjUyMDBQWiUyMTVlMCUyMTNtMiUyMTFzdHIlMjEyc3VrJTIxNHYxNjc3NjAwNTc1OTM2JTIxNW0yJTIxMXN0ciUyMTJzdWslMjIlMjB3aWR0aCUzRCUyMjYwMCUyMiUyMGhlaWdodCUzRCUyMjQ1MCUyMiUyMHN0eWxlJTNEJTIyYm9yZGVyJTNBMCUzQiUyMiUyMGFsbG93ZnVsbHNjcmVlbiUzRCUyMiUyMiUyMGxvYWRpbmclM0QlMjJsYXp5JTIyJTIwcmVmZXJyZXJwb2xpY3klM0QlMjJuby1yZWZlcnJlci13aGVuLWRvd25ncmFkZSUyMiUzRSUzQyUyRmlmcmFtZSUzRQ==&#8221; size=&#8221;299&#8243;][vc_column_text css=&#8221;.vc_custom_1660569570138{padding-top: 23px !important;}&#8221;] Adres: 135 Stanford Road, Luton, ENGLAND, LU2 0PZ Telefon: +90 (552) 600 35 51 +44 (740) 519-1496 E-Posta: info@increaweb.com [\/vc_column_text][\/vc_column_inner][\/vc_row_inner][\/vc_column][\/vc_row]<\/p>\n","protected":false},"author":1,"featured_media":0,"parent":0,"menu_order":0,"comment_status":"closed","ping_status":"closed","template":"","meta":{"footnotes":""},"class_list":["post-9890","page","type-page","status-publish","hentry"],"yoast_head":"<!-- This site is optimized with the Yoast SEO plugin v26.9 - https:\/\/yoast.com\/product\/yoast-seo-wordpress\/ -->\n<title>\u0130leti\u015fim | IncreaWeb<\/title>\n<meta name=\"robots\" content=\"index, follow, max-snippet:-1, max-image-preview:large, max-video-preview:-1\" \/>\n<link rel=\"canonical\" href=\"https:\/\/www.increaweb.com\/tr\/iletisim\/\" \/>\n<meta property=\"og:locale\" content=\"tr_TR\" \/>\n<meta property=\"og:type\" content=\"article\" \/>\n<meta property=\"og:title\" content=\"\u0130leti\u015fim | IncreaWeb\" \/>\n<meta property=\"og:description\" content=\"[vc_row row_type=&#8221;3&#8243; blox_image=&#8221;9913&#8243; align_center=&#8221;aligncenter&#8221; page_title=&#8221;page-title-x&#8221; blox_dark=&#8221;true&#8221; parallax_speed=&#8221;7&#8243;][vc_column][vc_column_text css=&#8221;.vc_custom_1563212425089{padding-bottom: 11px !important;}&#8221;] \u0130LET\u0130\u015e\u0130M [\/vc_column_text][\/vc_column][\/vc_row][vc_row][vc_column][\/vc_column][\/vc_row][vc_row blox_class=&#8221;easydesign-contact&#8221;][vc_column el_class=&#8221;aligncenter&#8221;][vc_row_inner][vc_column_inner width=&#8221;1\/6&#8243;][\/vc_column_inner][vc_column_inner width=&#8221;2\/3&#8243;][vc_column_text] \u0130\u015e KONU\u015eALIM [\/vc_column_text][\/vc_column_inner][vc_column_inner width=&#8221;1\/6&#8243;][\/vc_column_inner][\/vc_row_inner][vc_row_inner][vc_column_inner el_class=&#8221;alignleft&#8221;][vc_gmaps link=&#8221;#E-8_JTNDaWZyYW1lJTIwc3JjJTNEJTIyaHR0cHMlM0ElMkYlMkZ3d3cuZ29vZ2xlLmNvbSUyRm1hcHMlMkZlbWJlZCUzRnBiJTNEJTIxMW0xOCUyMTFtMTIlMjExbTMlMjExZDYxNS42MjcxODg0NzU4NDAxJTIxMmQtMC4zOTI5MjUyNDczNjI3ODE2JTIxM2Q1MS44ODgxNzkxMjMwMjYlMjEybTMlMjExZjAlMjEyZjAlMjEzZjAlMjEzbTIlMjExaTEwMjQlMjEyaTc2OCUyMTRmMTMuMSUyMTNtMyUyMTFtMiUyMTFzMHg0ODc2NDk5OTQ5YTA2ZGUxJTI1M0EweDhhNDY4ZDNmYjk5NzE0NGElMjEyczEzNSUyNTIwU3RhbmZvcmQlMjUyMFJkJTI1MkMlMjUyMEx1dG9uJTI1MjBMVTIlMjUyMDBQWiUyMTVlMCUyMTNtMiUyMTFzdHIlMjEyc3VrJTIxNHYxNjc3NjAwNTc1OTM2JTIxNW0yJTIxMXN0ciUyMTJzdWslMjIlMjB3aWR0aCUzRCUyMjYwMCUyMiUyMGhlaWdodCUzRCUyMjQ1MCUyMiUyMHN0eWxlJTNEJTIyYm9yZGVyJTNBMCUzQiUyMiUyMGFsbG93ZnVsbHNjcmVlbiUzRCUyMiUyMiUyMGxvYWRpbmclM0QlMjJsYXp5JTIyJTIwcmVmZXJyZXJwb2xpY3klM0QlMjJuby1yZWZlcnJlci13aGVuLWRvd25ncmFkZSUyMiUzRSUzQyUyRmlmcmFtZSUzRQ==&#8221; size=&#8221;299&#8243;][vc_column_text css=&#8221;.vc_custom_1660569570138{padding-top: 23px !important;}&#8221;] Adres: 135 Stanford Road, Luton, ENGLAND, LU2 0PZ Telefon: +90 (552) 600 35 51 +44 (740) 519-1496 E-Posta: info@increaweb.com [\/vc_column_text][\/vc_column_inner][\/vc_row_inner][\/vc_column][\/vc_row]\" \/>\n<meta property=\"og:url\" content=\"https:\/\/www.increaweb.com\/tr\/iletisim\/\" \/>\n<meta property=\"og:site_name\" content=\"IncreaWeb\" \/>\n<meta property=\"article:modified_time\" content=\"2023-02-28T16:10:38+00:00\" \/>\n<meta name=\"twitter:card\" content=\"summary_large_image\" \/>\n<meta name=\"twitter:label1\" content=\"Tahmini okuma s\u00fcresi\" \/>\n\t<meta name=\"twitter:data1\" content=\"1 dakika\" \/>\n<script type=\"application\/ld+json\" class=\"yoast-schema-graph\">{\"@context\":\"https:\/\/schema.org\",\"@graph\":[{\"@type\":\"WebPage\",\"@id\":\"https:\/\/www.increaweb.com\/tr\/iletisim\/\",\"url\":\"https:\/\/www.increaweb.com\/tr\/iletisim\/\",\"name\":\"\u0130leti\u015fim | IncreaWeb\",\"isPartOf\":{\"@id\":\"https:\/\/www.increaweb.com\/#website\"},\"datePublished\":\"2019-07-09T15:53:10+00:00\",\"dateModified\":\"2023-02-28T16:10:38+00:00\",\"breadcrumb\":{\"@id\":\"https:\/\/www.increaweb.com\/tr\/iletisim\/#breadcrumb\"},\"inLanguage\":\"tr\",\"potentialAction\":[{\"@type\":\"ReadAction\",\"target\":[\"https:\/\/www.increaweb.com\/tr\/iletisim\/\"]}]},{\"@type\":\"BreadcrumbList\",\"@id\":\"https:\/\/www.increaweb.com\/tr\/iletisim\/#breadcrumb\",\"itemListElement\":[{\"@type\":\"ListItem\",\"position\":1,\"name\":\"Home\",\"item\":\"https:\/\/www.increaweb.com\/tr\/ana-sayfa\/\"},{\"@type\":\"ListItem\",\"position\":2,\"name\":\"\u0130leti\u015fim\"}]},{\"@type\":\"WebSite\",\"@id\":\"https:\/\/www.increaweb.com\/#website\",\"url\":\"https:\/\/www.increaweb.com\/\",\"name\":\"IncreaWeb\",\"description\":\"Increa Web Solutions\",\"publisher\":{\"@id\":\"https:\/\/www.increaweb.com\/#organization\"},\"potentialAction\":[{\"@type\":\"SearchAction\",\"target\":{\"@type\":\"EntryPoint\",\"urlTemplate\":\"https:\/\/www.increaweb.com\/?s={search_term_string}\"},\"query-input\":{\"@type\":\"PropertyValueSpecification\",\"valueRequired\":true,\"valueName\":\"search_term_string\"}}],\"inLanguage\":\"tr\"},{\"@type\":\"Organization\",\"@id\":\"https:\/\/www.increaweb.com\/#organization\",\"name\":\"IncreaWeb Solutions\",\"url\":\"https:\/\/www.increaweb.com\/\",\"logo\":{\"@type\":\"ImageObject\",\"inLanguage\":\"tr\",\"@id\":\"https:\/\/www.increaweb.com\/#\/schema\/logo\/image\/\",\"url\":\"https:\/\/www.increaweb.com\/wp-content\/uploads\/2019\/08\/Logo_yeni1.png\",\"contentUrl\":\"https:\/\/www.increaweb.com\/wp-content\/uploads\/2019\/08\/Logo_yeni1.png\",\"width\":1000,\"height\":118,\"caption\":\"IncreaWeb Solutions\"},\"image\":{\"@id\":\"https:\/\/www.increaweb.com\/#\/schema\/logo\/image\/\"}}]}<\/script>\n<!-- \/ Yoast SEO plugin. -->","yoast_head_json":{"title":"\u0130leti\u015fim | IncreaWeb","robots":{"index":"index","follow":"follow","max-snippet":"max-snippet:-1","max-image-preview":"max-image-preview:large","max-video-preview":"max-video-preview:-1"},"canonical":"https:\/\/www.increaweb.com\/tr\/iletisim\/","og_locale":"tr_TR","og_type":"article","og_title":"\u0130leti\u015fim | IncreaWeb","og_description":"[vc_row row_type=&#8221;3&#8243; blox_image=&#8221;9913&#8243; align_center=&#8221;aligncenter&#8221; page_title=&#8221;page-title-x&#8221; blox_dark=&#8221;true&#8221; parallax_speed=&#8221;7&#8243;][vc_column][vc_column_text css=&#8221;.vc_custom_1563212425089{padding-bottom: 11px !important;}&#8221;] \u0130LET\u0130\u015e\u0130M [\/vc_column_text][\/vc_column][\/vc_row][vc_row][vc_column][\/vc_column][\/vc_row][vc_row blox_class=&#8221;easydesign-contact&#8221;][vc_column el_class=&#8221;aligncenter&#8221;][vc_row_inner][vc_column_inner width=&#8221;1\/6&#8243;][\/vc_column_inner][vc_column_inner width=&#8221;2\/3&#8243;][vc_column_text] \u0130\u015e KONU\u015eALIM [\/vc_column_text][\/vc_column_inner][vc_column_inner width=&#8221;1\/6&#8243;][\/vc_column_inner][\/vc_row_inner][vc_row_inner][vc_column_inner el_class=&#8221;alignleft&#8221;][vc_gmaps link=&#8221;#E-8_JTNDaWZyYW1lJTIwc3JjJTNEJTIyaHR0cHMlM0ElMkYlMkZ3d3cuZ29vZ2xlLmNvbSUyRm1hcHMlMkZlbWJlZCUzRnBiJTNEJTIxMW0xOCUyMTFtMTIlMjExbTMlMjExZDYxNS42MjcxODg0NzU4NDAxJTIxMmQtMC4zOTI5MjUyNDczNjI3ODE2JTIxM2Q1MS44ODgxNzkxMjMwMjYlMjEybTMlMjExZjAlMjEyZjAlMjEzZjAlMjEzbTIlMjExaTEwMjQlMjEyaTc2OCUyMTRmMTMuMSUyMTNtMyUyMTFtMiUyMTFzMHg0ODc2NDk5OTQ5YTA2ZGUxJTI1M0EweDhhNDY4ZDNmYjk5NzE0NGElMjEyczEzNSUyNTIwU3RhbmZvcmQlMjUyMFJkJTI1MkMlMjUyMEx1dG9uJTI1MjBMVTIlMjUyMDBQWiUyMTVlMCUyMTNtMiUyMTFzdHIlMjEyc3VrJTIxNHYxNjc3NjAwNTc1OTM2JTIxNW0yJTIxMXN0ciUyMTJzdWslMjIlMjB3aWR0aCUzRCUyMjYwMCUyMiUyMGhlaWdodCUzRCUyMjQ1MCUyMiUyMHN0eWxlJTNEJTIyYm9yZGVyJTNBMCUzQiUyMiUyMGFsbG93ZnVsbHNjcmVlbiUzRCUyMiUyMiUyMGxvYWRpbmclM0QlMjJsYXp5JTIyJTIwcmVmZXJyZXJwb2xpY3klM0QlMjJuby1yZWZlcnJlci13aGVuLWRvd25ncmFkZSUyMiUzRSUzQyUyRmlmcmFtZSUzRQ==&#8221; size=&#8221;299&#8243;][vc_column_text css=&#8221;.vc_custom_1660569570138{padding-top: 23px !important;}&#8221;] Adres: 135 Stanford Road, Luton, ENGLAND, LU2 0PZ Telefon: +90 (552) 600 35 51 +44 (740) 519-1496 E-Posta: info@increaweb.com [\/vc_column_text][\/vc_column_inner][\/vc_row_inner][\/vc_column][\/vc_row]","og_url":"https:\/\/www.increaweb.com\/tr\/iletisim\/","og_site_name":"IncreaWeb","article_modified_time":"2023-02-28T16:10:38+00:00","twitter_card":"summary_large_image","twitter_misc":{"Tahmini okuma s\u00fcresi":"1 dakika"},"schema":{"@context":"https:\/\/schema.org","@graph":[{"@type":"WebPage","@id":"https:\/\/www.increaweb.com\/tr\/iletisim\/","url":"https:\/\/www.increaweb.com\/tr\/iletisim\/","name":"\u0130leti\u015fim | IncreaWeb","isPartOf":{"@id":"https:\/\/www.increaweb.com\/#website"},"datePublished":"2019-07-09T15:53:10+00:00","dateModified":"2023-02-28T16:10:38+00:00","breadcrumb":{"@id":"https:\/\/www.increaweb.com\/tr\/iletisim\/#breadcrumb"},"inLanguage":"tr","potentialAction":[{"@type":"ReadAction","target":["https:\/\/www.increaweb.com\/tr\/iletisim\/"]}]},{"@type":"BreadcrumbList","@id":"https:\/\/www.increaweb.com\/tr\/iletisim\/#breadcrumb","itemListElement":[{"@type":"ListItem","position":1,"name":"Home","item":"https:\/\/www.increaweb.com\/tr\/ana-sayfa\/"},{"@type":"ListItem","position":2,"name":"\u0130leti\u015fim"}]},{"@type":"WebSite","@id":"https:\/\/www.increaweb.com\/#website","url":"https:\/\/www.increaweb.com\/","name":"IncreaWeb","description":"Increa Web Solutions","publisher":{"@id":"https:\/\/www.increaweb.com\/#organization"},"potentialAction":[{"@type":"SearchAction","target":{"@type":"EntryPoint","urlTemplate":"https:\/\/www.increaweb.com\/?s={search_term_string}"},"query-input":{"@type":"PropertyValueSpecification","valueRequired":true,"valueName":"search_term_string"}}],"inLanguage":"tr"},{"@type":"Organization","@id":"https:\/\/www.increaweb.com\/#organization","name":"IncreaWeb Solutions","url":"https:\/\/www.increaweb.com\/","logo":{"@type":"ImageObject","inLanguage":"tr","@id":"https:\/\/www.increaweb.com\/#\/schema\/logo\/image\/","url":"https:\/\/www.increaweb.com\/wp-content\/uploads\/2019\/08\/Logo_yeni1.png","contentUrl":"https:\/\/www.increaweb.com\/wp-content\/uploads\/2019\/08\/Logo_yeni1.png","width":1000,"height":118,"caption":"IncreaWeb Solutions"},"image":{"@id":"https:\/\/www.increaweb.com\/#\/schema\/logo\/image\/"}}]}},"_links":{"self":[{"href":"https:\/\/www.increaweb.com\/tr\/wp-json\/wp\/v2\/pages\/9890","targetHints":{"allow":["GET"]}}],"collection":[{"href":"https:\/\/www.increaweb.com\/tr\/wp-json\/wp\/v2\/pages"}],"about":[{"href":"https:\/\/www.increaweb.com\/tr\/wp-json\/wp\/v2\/types\/page"}],"author":[{"embeddable":true,"href":"https:\/\/www.increaweb.com\/tr\/wp-json\/wp\/v2\/users\/1"}],"replies":[{"embeddable":true,"href":"https:\/\/www.increaweb.com\/tr\/wp-json\/wp\/v2\/comments?post=9890"}],"version-history":[{"count":0,"href":"https:\/\/www.increaweb.com\/tr\/wp-json\/wp\/v2\/pages\/9890\/revisions"}],"wp:attachment":[{"href":"https:\/\/www.increaweb.com\/tr\/wp-json\/wp\/v2\/media?parent=9890"}],"curies":[{"name":"wp","href":"https:\/\/api.w.org\/{rel}","templated":true}]}}