{"id":9885,"date":"2019-07-09T15:49:02","date_gmt":"2019-07-09T15:49:02","guid":{"rendered":"https:\/\/increaweb.com\/?page_id=9885"},"modified":"2023-02-25T16:13:05","modified_gmt":"2023-02-25T16:13:05","slug":"hakkimizda","status":"publish","type":"page","link":"https:\/\/www.increaweb.com\/tr\/hakkimizda\/","title":{"rendered":"Hakk\u0131m\u0131zda"},"content":{"rendered":"<div class=\"wpb-content-wrapper\"><p>[vc_row row_type=&#8221;3&#8243; blox_image=&#8221;9344&#8243; align_center=&#8221;aligncenter&#8221; page_title=&#8221;page-title-x&#8221; blox_dark=&#8221;true&#8221; parallax_speed=&#8221;7&#8243;][vc_column]<hr class=\"vertical-space5\"><hr class=\"vertical-space5\"><hr class=\"vertical-space1\">[vc_column_text]<\/p>\n<h2 class=\"respo-tagline\" style=\"text-align: center; letter-spacing: 1px;\"><strong><span style=\"color: #245a91;\">IN<\/span>NOVATIVE &amp; <span style=\"color: #009bda;\">CREA<\/span>TIVE<\/strong><\/h2>\n<p>[\/vc_column_text]<hr class=\"vertical-space4\"><hr class=\"vertical-space3\">[\/vc_column][\/vc_row][vc_row][vc_column]<hr class=\"vertical-space5\">[\/vc_column][vc_column width=&#8221;1\/2&#8243;]<hr class=\"vertical-space2\">\n\t<div class=\"subtitle-element subtitle-element2\">\n\t\t<h3>Bizim <strong>Hikayemiz<\/strong><\/h3>\n\t<\/div>[vc_column_text]<\/p>\n<blockquote><p><strong>IncreaWeb<\/strong><\/p><\/blockquote>\n<p>Kalite, Yenilik ve H\u0131za odaklanan birinci s\u0131n\u0131f bir tasar\u0131m firmas\u0131 olarak yola \u00e7\u0131kt\u0131. M\u00fc\u015fterilerimizin i\u015fleri b\u00fcy\u00fctmek ve en iyi sonucu almalar\u0131n\u0131 sa\u011flamak i\u00e7in, en yeni teknolojileri kullan\u0131yoruz. Sa\u011flad\u0131\u011f\u0131m\u0131z b\u00fct\u00fcnl\u00fck ve sonu\u00e7larla ilgili olan i\u015f ahlak\u0131m\u0131zla gurur duyuyoruz.\u00a0 Y\u0131llar boyunca, IncreaWeb olarak m\u00fc\u015fterilerimize daha iyi bir Web deneyimi vermek i\u00e7in \u00e7arp\u0131c\u0131 tasar\u0131mlar olu\u015fturduk.<\/p>\n<p>&nbsp;<\/p>\n<h5><strong>Felsefemiz<\/strong><\/h5>\n<p>Firmam\u0131z\u0131n felsefesi, \u00e7o\u011fu i\u015fletmenin tercih edece\u011fi <a href=\"https:\/\/www.increaweb.com\/tr\/wordpress-siteler\/\"><span style=\"color: #333333;\">Web sitelerini<\/span><\/a> tasarlamakt\u0131r. \u015e\u0131k-\u00c7ekici, H\u0131zl\u0131, Mobil duyarl\u0131 ve rahat\u00e7a sat\u0131n alinabilen..<\/p>\n<p>&nbsp;<\/p>\n<h5><strong>Misyonumuz<\/strong><\/h5>\n<p>T\u00fcm s\u00fcre\u00e7lerimizi ve \u00fcr\u00fcnlerimizi, k\u00fc\u00e7\u00fck i\u015fletmelerin ihtiya\u00e7 duydu\u011fu her \u015feyi sa\u011flamaya y\u00f6nelik olarak tasarlad\u0131k ve bizimle \u00e7al\u0131\u015fman\u0131n her zaman h\u0131zl\u0131, kolay, sorunsuz bir deneyim olmas\u0131n\u0131 sa\u011flad\u0131k. M\u00fc\u015fterilerimize verdi\u011fimiz fiyatlar\u0131 cazip hale getirerek, Web sitelerinin tam kontrol\u00fcn\u00fc kendilerine vermeyi ve Site a\u00e7\u0131ld\u0131ktan sonra da uzman ekibimizle tam destek olu\u015fturmay\u0131 hedefleriz.[\/vc_column_text]<hr class=\"vertical-space4\">[\/vc_column][vc_column width=&#8221;1\/2&#8243;]<hr class=\"vertical-space1\">[vc_single_image image=&#8221;10129&#8243; img_size=&#8221;full&#8221; alignment=&#8221;right&#8221;]<hr class=\"vertical-space4\">[\/vc_column][\/vc_row][vc_row row_type=&#8221;2&#8243; blox_bgcolor=&#8221;#f6f8f9&#8243;][vc_column width=&#8221;1\/6&#8243;][\/vc_column][vc_column width=&#8221;2\/3&#8243;]<hr class=\"vertical-space5\">[vc_column_text]<\/p>\n<h3 style=\"text-align: center;\"><strong>D\u0130ZAYN<\/strong> GRUBU<\/h3>\n<p style=\"text-align: center;\">\u015eirket i\u00e7indeki tasar\u0131mc\u0131lar\u0131m\u0131zla, aray\u00fczler veya web siteleri tasarlarken ; Kullan\u0131labilirli\u011fin, \u0130\u015flevselli\u011fin ve <a href=\"https:\/\/www.increaweb.com\/tr\/web-gelistirme\/\"><span style=\"color: #808080;\"><span style=\"color: #333333;\">G\u00f6rselle\u015ftirme<\/span><\/span><\/a>nin en \u00f6nemli fakt\u00f6rlerden \u00fc\u00e7\u00fc oldu\u011fu ger\u00e7e\u011fini kabul ediyoruz. Bu stratejiyi kullanarak, olu\u015fturdu\u011fumuz tasar\u0131mlarla pazarlama hedeflerinizin ger\u00e7ekle\u015ftirilmesini sa\u011flamak i\u00e7in sizinle birlikte \u00e7al\u0131\u015f\u0131yoruz.<\/p>\n<blockquote>\n<p style=\"text-align: center;\">Sizinle birlikte \u00e7al\u0131\u015faca\u011f\u0131z ve fikrinizi hayata ge\u00e7irece\u011fiz.<\/p>\n<\/blockquote>\n<p>[\/vc_column_text]<hr class=\"vertical-space3\">[\/vc_column][vc_column width=&#8221;1\/6&#8243;][\/vc_column][\/vc_row][vc_row row_type=&#8221;2&#8243; blox_height=&#8221;452&#8243; blox_image=&#8221;9123&#8243;][vc_column el_class=&#8221;aligncenter&#8221;]<hr class=\"vertical-space4\"><hr class=\"vertical-space1\">[vc_column_text]<\/p>\n<h1 style=\"text-align: center;\"><strong>\u015eimdi !!<\/strong><\/h1>\n<h1 style=\"text-align: center;\"><strong>Projenize Ba\u015flayal\u0131m<\/strong><\/h1>\n<p style=\"text-align: center;\">Hedeflerinize ula\u015fman\u0131z ve i\u015finizi b\u00fcy\u00fctmeniz i\u00e7in buraday\u0131z.<\/p>\n<p>[\/vc_column_text]<hr class=\"vertical-space2\"><a href=\"https:\/\/increaweb.com\/tr\/teklif-iste\/\" class=\"button theme-skin  medium  \" target=\"_self\">TEKL\u0130F \u0130STE<\/a><hr class=\"vertical-space3\">[\/vc_column][\/vc_row]<\/p>\n<\/div>","protected":false},"excerpt":{"rendered":"<p>[vc_row row_type=&#8221;3&#8243; blox_image=&#8221;9344&#8243; align_center=&#8221;aligncenter&#8221; page_title=&#8221;page-title-x&#8221; blox_dark=&#8221;true&#8221; parallax_speed=&#8221;7&#8243;][vc_column][vc_column_text] INNOVATIVE &amp; CREATIVE [\/vc_column_text][\/vc_column][\/vc_row][vc_row][vc_column][\/vc_column][vc_column width=&#8221;1\/2&#8243;][vc_column_text] IncreaWeb Kalite, Yenilik ve H\u0131za odaklanan birinci s\u0131n\u0131f bir tasar\u0131m firmas\u0131 olarak yola \u00e7\u0131kt\u0131. M\u00fc\u015fterilerimizin i\u015fleri b\u00fcy\u00fctmek ve en iyi sonucu almalar\u0131n\u0131 sa\u011flamak i\u00e7in, en yeni teknolojileri kullan\u0131yoruz. Sa\u011flad\u0131\u011f\u0131m\u0131z b\u00fct\u00fcnl\u00fck ve sonu\u00e7larla ilgili olan i\u015f ahlak\u0131m\u0131zla gurur duyuyoruz.\u00a0 Y\u0131llar boyunca, IncreaWeb olarak m\u00fc\u015fterilerimize daha iyi bir Web deneyimi vermek i\u00e7in \u00e7arp\u0131c\u0131 tasar\u0131mlar olu\u015fturduk. &nbsp; Felsefemiz Firmam\u0131z\u0131n felsefesi, \u00e7o\u011fu i\u015fletmenin tercih edece\u011fi Web sitelerini tasarlamakt\u0131r. \u015e\u0131k-\u00c7ekici, H\u0131zl\u0131, Mobil duyarl\u0131 ve rahat\u00e7a sat\u0131n alinabilen.. &nbsp; Misyonumuz T\u00fcm s\u00fcre\u00e7lerimizi ve \u00fcr\u00fcnlerimizi, k\u00fc\u00e7\u00fck i\u015fletmelerin ihtiya\u00e7 duydu\u011fu her \u015feyi sa\u011flamaya y\u00f6nelik olarak tasarlad\u0131k ve bizimle \u00e7al\u0131\u015fman\u0131n her zaman h\u0131zl\u0131, kolay, sorunsuz bir deneyim olmas\u0131n\u0131 sa\u011flad\u0131k. M\u00fc\u015fterilerimize verdi\u011fimiz fiyatlar\u0131 cazip hale getirerek, Web sitelerinin tam kontrol\u00fcn\u00fc kendilerine vermeyi ve Site a\u00e7\u0131ld\u0131ktan sonra da uzman ekibimizle tam destek olu\u015fturmay\u0131 hedefleriz.[\/vc_column_text][\/vc_column][vc_column width=&#8221;1\/2&#8243;][vc_single_image image=&#8221;10129&#8243; img_size=&#8221;full&#8221; alignment=&#8221;right&#8221;][\/vc_column][\/vc_row][vc_row row_type=&#8221;2&#8243; blox_bgcolor=&#8221;#f6f8f9&#8243;][vc_column width=&#8221;1\/6&#8243;][\/vc_column][vc_column width=&#8221;2\/3&#8243;][vc_column_text] D\u0130ZAYN GRUBU \u015eirket i\u00e7indeki tasar\u0131mc\u0131lar\u0131m\u0131zla, aray\u00fczler veya web siteleri tasarlarken ; Kullan\u0131labilirli\u011fin, \u0130\u015flevselli\u011fin ve G\u00f6rselle\u015ftirmenin en \u00f6nemli fakt\u00f6rlerden \u00fc\u00e7\u00fc oldu\u011fu ger\u00e7e\u011fini kabul ediyoruz. Bu stratejiyi kullanarak, olu\u015fturdu\u011fumuz tasar\u0131mlarla pazarlama hedeflerinizin ger\u00e7ekle\u015ftirilmesini sa\u011flamak i\u00e7in sizinle birlikte \u00e7al\u0131\u015f\u0131yoruz. Sizinle birlikte \u00e7al\u0131\u015faca\u011f\u0131z ve fikrinizi hayata ge\u00e7irece\u011fiz. [\/vc_column_text][\/vc_column][vc_column width=&#8221;1\/6&#8243;][\/vc_column][\/vc_row][vc_row row_type=&#8221;2&#8243; blox_height=&#8221;452&#8243; blox_image=&#8221;9123&#8243;][vc_column el_class=&#8221;aligncenter&#8221;][vc_column_text] \u015eimdi !! Projenize Ba\u015flayal\u0131m Hedeflerinize ula\u015fman\u0131z ve i\u015finizi b\u00fcy\u00fctmeniz i\u00e7in buraday\u0131z. [\/vc_column_text][\/vc_column][\/vc_row]<\/p>\n","protected":false},"author":1,"featured_media":0,"parent":0,"menu_order":0,"comment_status":"closed","ping_status":"closed","template":"","meta":{"footnotes":""},"class_list":["post-9885","page","type-page","status-publish","hentry"],"yoast_head":"<!-- This site is optimized with the Yoast SEO plugin v26.9 - https:\/\/yoast.com\/product\/yoast-seo-wordpress\/ -->\n<title>HAKKIMIZDA | SEO \u00c7\u00f6z\u00fcmleri | IncreaWeb | Google \u00c7\u00f6z\u00fcmleri<\/title>\n<meta name=\"description\" content=\"HAKKIMIZDA ; IncreaWeb Kalite, Yenilik ve H\u0131za odaklanan birinci s\u0131n\u0131f bir tasar\u0131m firmas\u0131 olarak yola \u00e7\u0131kt\u0131. M\u00fc\u015fterilerimizin i\u015fleri b\u00fcy\u00fctmek ...\" \/>\n<meta name=\"robots\" content=\"index, follow, max-snippet:-1, max-image-preview:large, max-video-preview:-1\" \/>\n<link rel=\"canonical\" href=\"https:\/\/www.increaweb.com\/tr\/hakkimizda\/\" \/>\n<meta property=\"og:locale\" content=\"tr_TR\" \/>\n<meta property=\"og:type\" content=\"article\" \/>\n<meta property=\"og:title\" content=\"HAKKIMIZDA | SEO \u00c7\u00f6z\u00fcmleri | IncreaWeb | Google \u00c7\u00f6z\u00fcmleri\" \/>\n<meta property=\"og:description\" content=\"HAKKIMIZDA ; IncreaWeb Kalite, Yenilik ve H\u0131za odaklanan birinci s\u0131n\u0131f bir tasar\u0131m firmas\u0131 olarak yola \u00e7\u0131kt\u0131. M\u00fc\u015fterilerimizin i\u015fleri b\u00fcy\u00fctmek ...\" \/>\n<meta property=\"og:url\" content=\"https:\/\/www.increaweb.com\/tr\/hakkimizda\/\" \/>\n<meta property=\"og:site_name\" content=\"IncreaWeb\" \/>\n<meta property=\"article:modified_time\" content=\"2023-02-25T16:13:05+00:00\" \/>\n<meta name=\"twitter:card\" content=\"summary_large_image\" \/>\n<meta name=\"twitter:label1\" content=\"Tahmini okuma s\u00fcresi\" \/>\n\t<meta name=\"twitter:data1\" content=\"2 dakika\" \/>\n<script type=\"application\/ld+json\" class=\"yoast-schema-graph\">{\"@context\":\"https:\/\/schema.org\",\"@graph\":[{\"@type\":\"WebPage\",\"@id\":\"https:\/\/www.increaweb.com\/tr\/hakkimizda\/\",\"url\":\"https:\/\/www.increaweb.com\/tr\/hakkimizda\/\",\"name\":\"HAKKIMIZDA | SEO \u00c7\u00f6z\u00fcmleri | IncreaWeb | Google \u00c7\u00f6z\u00fcmleri\",\"isPartOf\":{\"@id\":\"https:\/\/www.increaweb.com\/#website\"},\"datePublished\":\"2019-07-09T15:49:02+00:00\",\"dateModified\":\"2023-02-25T16:13:05+00:00\",\"description\":\"HAKKIMIZDA ; IncreaWeb Kalite, Yenilik ve H\u0131za odaklanan birinci s\u0131n\u0131f bir tasar\u0131m firmas\u0131 olarak yola \u00e7\u0131kt\u0131. M\u00fc\u015fterilerimizin i\u015fleri b\u00fcy\u00fctmek ...\",\"breadcrumb\":{\"@id\":\"https:\/\/www.increaweb.com\/tr\/hakkimizda\/#breadcrumb\"},\"inLanguage\":\"tr\",\"potentialAction\":[{\"@type\":\"ReadAction\",\"target\":[\"https:\/\/www.increaweb.com\/tr\/hakkimizda\/\"]}]},{\"@type\":\"BreadcrumbList\",\"@id\":\"https:\/\/www.increaweb.com\/tr\/hakkimizda\/#breadcrumb\",\"itemListElement\":[{\"@type\":\"ListItem\",\"position\":1,\"name\":\"Home\",\"item\":\"https:\/\/www.increaweb.com\/tr\/ana-sayfa\/\"},{\"@type\":\"ListItem\",\"position\":2,\"name\":\"Hakk\u0131m\u0131zda\"}]},{\"@type\":\"WebSite\",\"@id\":\"https:\/\/www.increaweb.com\/#website\",\"url\":\"https:\/\/www.increaweb.com\/\",\"name\":\"IncreaWeb\",\"description\":\"Increa Web Solutions\",\"publisher\":{\"@id\":\"https:\/\/www.increaweb.com\/#organization\"},\"potentialAction\":[{\"@type\":\"SearchAction\",\"target\":{\"@type\":\"EntryPoint\",\"urlTemplate\":\"https:\/\/www.increaweb.com\/?s={search_term_string}\"},\"query-input\":{\"@type\":\"PropertyValueSpecification\",\"valueRequired\":true,\"valueName\":\"search_term_string\"}}],\"inLanguage\":\"tr\"},{\"@type\":\"Organization\",\"@id\":\"https:\/\/www.increaweb.com\/#organization\",\"name\":\"IncreaWeb Solutions\",\"url\":\"https:\/\/www.increaweb.com\/\",\"logo\":{\"@type\":\"ImageObject\",\"inLanguage\":\"tr\",\"@id\":\"https:\/\/www.increaweb.com\/#\/schema\/logo\/image\/\",\"url\":\"https:\/\/www.increaweb.com\/wp-content\/uploads\/2019\/08\/Logo_yeni1.png\",\"contentUrl\":\"https:\/\/www.increaweb.com\/wp-content\/uploads\/2019\/08\/Logo_yeni1.png\",\"width\":1000,\"height\":118,\"caption\":\"IncreaWeb Solutions\"},\"image\":{\"@id\":\"https:\/\/www.increaweb.com\/#\/schema\/logo\/image\/\"}}]}<\/script>\n<!-- \/ Yoast SEO plugin. -->","yoast_head_json":{"title":"HAKKIMIZDA | SEO \u00c7\u00f6z\u00fcmleri | IncreaWeb | Google \u00c7\u00f6z\u00fcmleri","description":"HAKKIMIZDA ; IncreaWeb Kalite, Yenilik ve H\u0131za odaklanan birinci s\u0131n\u0131f bir tasar\u0131m firmas\u0131 olarak yola \u00e7\u0131kt\u0131. M\u00fc\u015fterilerimizin i\u015fleri b\u00fcy\u00fctmek ...","robots":{"index":"index","follow":"follow","max-snippet":"max-snippet:-1","max-image-preview":"max-image-preview:large","max-video-preview":"max-video-preview:-1"},"canonical":"https:\/\/www.increaweb.com\/tr\/hakkimizda\/","og_locale":"tr_TR","og_type":"article","og_title":"HAKKIMIZDA | SEO \u00c7\u00f6z\u00fcmleri | IncreaWeb | Google \u00c7\u00f6z\u00fcmleri","og_description":"HAKKIMIZDA ; IncreaWeb Kalite, Yenilik ve H\u0131za odaklanan birinci s\u0131n\u0131f bir tasar\u0131m firmas\u0131 olarak yola \u00e7\u0131kt\u0131. M\u00fc\u015fterilerimizin i\u015fleri b\u00fcy\u00fctmek ...","og_url":"https:\/\/www.increaweb.com\/tr\/hakkimizda\/","og_site_name":"IncreaWeb","article_modified_time":"2023-02-25T16:13:05+00:00","twitter_card":"summary_large_image","twitter_misc":{"Tahmini okuma s\u00fcresi":"2 dakika"},"schema":{"@context":"https:\/\/schema.org","@graph":[{"@type":"WebPage","@id":"https:\/\/www.increaweb.com\/tr\/hakkimizda\/","url":"https:\/\/www.increaweb.com\/tr\/hakkimizda\/","name":"HAKKIMIZDA | SEO \u00c7\u00f6z\u00fcmleri | IncreaWeb | Google \u00c7\u00f6z\u00fcmleri","isPartOf":{"@id":"https:\/\/www.increaweb.com\/#website"},"datePublished":"2019-07-09T15:49:02+00:00","dateModified":"2023-02-25T16:13:05+00:00","description":"HAKKIMIZDA ; IncreaWeb Kalite, Yenilik ve H\u0131za odaklanan birinci s\u0131n\u0131f bir tasar\u0131m firmas\u0131 olarak yola \u00e7\u0131kt\u0131. M\u00fc\u015fterilerimizin i\u015fleri b\u00fcy\u00fctmek ...","breadcrumb":{"@id":"https:\/\/www.increaweb.com\/tr\/hakkimizda\/#breadcrumb"},"inLanguage":"tr","potentialAction":[{"@type":"ReadAction","target":["https:\/\/www.increaweb.com\/tr\/hakkimizda\/"]}]},{"@type":"BreadcrumbList","@id":"https:\/\/www.increaweb.com\/tr\/hakkimizda\/#breadcrumb","itemListElement":[{"@type":"ListItem","position":1,"name":"Home","item":"https:\/\/www.increaweb.com\/tr\/ana-sayfa\/"},{"@type":"ListItem","position":2,"name":"Hakk\u0131m\u0131zda"}]},{"@type":"WebSite","@id":"https:\/\/www.increaweb.com\/#website","url":"https:\/\/www.increaweb.com\/","name":"IncreaWeb","description":"Increa Web Solutions","publisher":{"@id":"https:\/\/www.increaweb.com\/#organization"},"potentialAction":[{"@type":"SearchAction","target":{"@type":"EntryPoint","urlTemplate":"https:\/\/www.increaweb.com\/?s={search_term_string}"},"query-input":{"@type":"PropertyValueSpecification","valueRequired":true,"valueName":"search_term_string"}}],"inLanguage":"tr"},{"@type":"Organization","@id":"https:\/\/www.increaweb.com\/#organization","name":"IncreaWeb Solutions","url":"https:\/\/www.increaweb.com\/","logo":{"@type":"ImageObject","inLanguage":"tr","@id":"https:\/\/www.increaweb.com\/#\/schema\/logo\/image\/","url":"https:\/\/www.increaweb.com\/wp-content\/uploads\/2019\/08\/Logo_yeni1.png","contentUrl":"https:\/\/www.increaweb.com\/wp-content\/uploads\/2019\/08\/Logo_yeni1.png","width":1000,"height":118,"caption":"IncreaWeb Solutions"},"image":{"@id":"https:\/\/www.increaweb.com\/#\/schema\/logo\/image\/"}}]}},"_links":{"self":[{"href":"https:\/\/www.increaweb.com\/tr\/wp-json\/wp\/v2\/pages\/9885","targetHints":{"allow":["GET"]}}],"collection":[{"href":"https:\/\/www.increaweb.com\/tr\/wp-json\/wp\/v2\/pages"}],"about":[{"href":"https:\/\/www.increaweb.com\/tr\/wp-json\/wp\/v2\/types\/page"}],"author":[{"embeddable":true,"href":"https:\/\/www.increaweb.com\/tr\/wp-json\/wp\/v2\/users\/1"}],"replies":[{"embeddable":true,"href":"https:\/\/www.increaweb.com\/tr\/wp-json\/wp\/v2\/comments?post=9885"}],"version-history":[{"count":0,"href":"https:\/\/www.increaweb.com\/tr\/wp-json\/wp\/v2\/pages\/9885\/revisions"}],"wp:attachment":[{"href":"https:\/\/www.increaweb.com\/tr\/wp-json\/wp\/v2\/media?parent=9885"}],"curies":[{"name":"wp","href":"https:\/\/api.w.org\/{rel}","templated":true}]}}