{"id":10068,"date":"2019-07-24T15:21:09","date_gmt":"2019-07-24T15:21:09","guid":{"rendered":"https:\/\/www.increaweb.com\/?page_id=10068"},"modified":"2023-02-28T14:17:25","modified_gmt":"2023-02-28T14:17:25","slug":"ozel-cms-siteler","status":"publish","type":"page","link":"https:\/\/www.increaweb.com\/tr\/ozel-cms-siteler\/","title":{"rendered":"\u00d6zel CMS Siteler"},"content":{"rendered":"<div class=\"wpb-content-wrapper\"><p>[vc_row row_type=&#8221;3&#8243; blox_image=&#8221;9490&#8243; align_center=&#8221;aligncenter&#8221; page_title=&#8221;page-title-x&#8221; blox_dark=&#8221;true&#8221; parallax_speed=&#8221;7&#8243;][vc_column]<hr class=\"vertical-space5\"><hr class=\"vertical-space5\"><hr class=\"vertical-space3\">[vc_column_text]<\/p>\n<h2 class=\"respo-tagline\" style=\"text-align: center; letter-spacing: 1px;\"><strong>\u00d6ZEL CMS S\u0130TELER<\/strong><\/h2>\n<p>[\/vc_column_text]<hr class=\"vertical-space5\"><hr class=\"vertical-space5\">[\/vc_column][\/vc_row][vc_row][vc_column width=&#8221;1\/6&#8243;][\/vc_column][vc_column width=&#8221;2\/3&#8243;]<hr class=\"vertical-space2\">[vc_icon icon_fontawesome=&#8221;fas fa-layer-group&#8221; color=&#8221;grey&#8221; size=&#8221;xl&#8221; align=&#8221;center&#8221;]<hr class=\"vertical-space1\">[vc_column_text]<\/p>\n<h3 style=\"text-align: center;\"><strong>\u00d6zel CMS<\/strong><\/h3>\n<p style=\"text-align: center;\">Web sitenizi s\u0131k s\u0131k de\u011fi\u015ftirmeniz gerekirse, statik bir web sitesi yerine bir CMS web sitesi d\u00fc\u015f\u00fcnmelisiniz. \u0130\u00e7erik Y\u00f6netim Sistemi (CMS) Web Sitesi, sizin veya ortaklar\u0131n\u0131z\u0131n \/ \u00e7al\u0131\u015fanlar\u0131n\u0131z\u0131n, web sitenize bir parola ile korunan bir y\u00f6netim panelinden i\u00e7erik eklemesini ve d\u00fczenlemesini sa\u011flar. Bu sistemler kullan\u0131\u015fl\u0131d\u0131r, \u00e7\u00fcnk\u00fc yeni sayfalar eklemek veya sitenizin i\u00e7eri\u011fini d\u00fczenlemek veya silmek i\u00e7in HTML \/ PHP e\u011fitimine ihtiyac\u0131n\u0131z yoktur.<\/p>\n<p>[\/vc_column_text][\/vc_column][vc_column width=&#8221;1\/6&#8243;][\/vc_column][\/vc_row][vc_row row_type=&#8221;2&#8243; blox_bgcolor=&#8221;#f7f7f7&#8243;][vc_column]<hr class=\"vertical-space5\">\n\t<div class=\"max-title max-title3\">\n\t\t<h2>Ne <strong>Yap\u0131yoruz<\/strong><\/h2>\n\t<\/div>[vc_column_text]<\/p>\n<p class=\"slog-tx3 aligncenter\" style=\"text-align: center;\">Bir web sitesi veya web tabanl\u0131 bir sistem i\u00e7in \u00f6zel olarak tasarlanm\u0131\u015f bir \u00e7\u00f6z\u00fcme ihtiya\u00e7 duyan m\u00fc\u015fteriler i\u00e7in \u00f6zel CMS platformlar\u0131 olu\u015fturuyoruz. \u00d6zel CMS Hizmetlerimizle birlikte sundu\u011fumuz dikkate de\u011fer avantajlardan baz\u0131lar\u0131 \u015funlard\u0131r :<\/p>\n<p>[\/vc_column_text]<hr class=\"vertical-space3\">[\/vc_column][\/vc_row][vc_row row_type=&#8221;2&#8243; blox_padding_bottom=&#8221;80&#8243; blox_bgcolor=&#8221;#f7f7f7&#8243;][vc_column width=&#8221;1\/2&#8243;]<article class=\"icon-box7\" ><i class=\"sl-check\" style=\" color:#00c2e5;\"><\/i><h4>PROJE KAPSAMINA G\u00d6RE TESL\u0130M<\/h4><\/article><article class=\"icon-box7\" ><i class=\"sl-check\" style=\" color:#00c2e5;\"><\/i><h4>KAPSAMLI CMS UYGULAMASI VE DESTEK<\/h4><\/article><article class=\"icon-box7\" ><i class=\"sl-check\" style=\" color:#00c2e5;\"><\/i><h4>Y\u00dcKSEK \u00d6L\u00c7EKL\u0130 CMS \u00c7\u00d6Z\u00dcMLER\u0130<\/h4><\/article>[\/vc_column][vc_column width=&#8221;1\/2&#8243;]<article class=\"icon-box7\" ><i class=\"sl-check\" style=\" color:#00c2e5;\"><\/i><h4>UYGUN MAL\u0130YETTE EN \u0130Y\u0130 TEKNOLOJ\u0130<\/h4><\/article><article class=\"icon-box7\" ><i class=\"sl-check\" style=\" color:#00c2e5;\"><\/i><h4>WEB S\u0130TEN\u0130Z\u0130N OPT\u0130M\u0130ZE VE SEO DOSTU KALMASI<\/h4><\/article><article class=\"icon-box7\" ><i class=\"sl-check\" style=\" color:#00c2e5;\"><\/i><h4>\u00d6ZEL VE DENEY\u0130ML\u0130 PROJE Y\u00d6NET\u0130C\u0130S\u0130<\/h4><\/article>[\/vc_column][\/vc_row][vc_row][vc_column]<hr class=\"vertical-space5\">\n\t<div class=\"max-title max-title3\">\n\t\t<h2>IncreaWeb CMS <strong>\u00d6ZELL\u0130KLER\u0130M\u0130Z <\/strong><\/h2>\n\t<\/div>[vc_column_text]<\/p>\n<p class=\"slog-tx3 aligncenter\">Kullan\u0131m\u0131 kolay i\u00e7erik y\u00f6netim sistemimiz (CMS), a\u015fa\u011f\u0131dakiler de dahil olmak \u00fczere web sitesi i\u00e7eri\u011finizi olu\u015fturman\u0131za, d\u00fczenlemenize ve yay\u0131nlaman\u0131za olanak tan\u0131r.<\/p>\n<p>[\/vc_column_text]<hr class=\"vertical-space2\">[vc_row_inner][vc_column_inner width=&#8221;1\/2&#8243;]<hr class=\"vertical-space2\">[vc_single_image image=&#8221;10142&#8243; img_size=&#8221;full&#8221;][\/vc_column_inner][vc_column_inner width=&#8221;1\/2&#8243;]<hr class=\"vertical-space2\"><article class=\"icon-box5\" ><i class=\"sl-check\" style=\" color:#00c2e5;\"><\/i><h4>Web sitesi metin ve ba\u011flant\u0131 g\u00fcncellemesi<\/h4><\/article><article class=\"icon-box5\" ><i class=\"sl-check\" style=\" color:#00c2e5;\"><\/i><h4>S\u0131n\u0131rs\u0131z Sayfa Y\u00f6netimi<\/h4><\/article><article class=\"icon-box5\" ><i class=\"sl-check\" style=\" color:#00c2e5;\"><\/i><h4>Foto\u011fraf Galerisi<\/h4><\/article><article class=\"icon-box5\" ><i class=\"sl-check\" style=\" color:#00c2e5;\"><\/i><h4>\u00dcr\u00fcn kataloglar\u0131<\/h4><\/article><article class=\"icon-box5\" ><i class=\"sl-check\" style=\" color:#00c2e5;\"><\/i><h4>Web sitesi bannerlar\u0131 &amp; grafikleri<\/h4><\/article><article class=\"icon-box5\" ><i class=\"sl-check\" style=\" color:#00c2e5;\"><\/i><h4>G\u00fcvenli giri\u015fler<\/h4><\/article><article class=\"icon-box5\" ><i class=\"sl-check\" style=\" color:#00c2e5;\"><\/i><h4>Ba\u011flant\u0131lar ve men\u00fc y\u00f6netimi<\/h4><\/article><article class=\"icon-box5\" ><i class=\"sl-check\" style=\" color:#00c2e5;\"><\/i><h4>Basit HTML \/ PHP Edit\u00f6r\u00fc<\/h4><\/article><article class=\"icon-box5\" ><i class=\"sl-check\" style=\" color:#00c2e5;\"><\/i><h4>Blog<\/h4><\/article><article class=\"icon-box5\" ><i class=\"sl-check\" style=\" color:#00c2e5;\"><\/i><h4>SEO dostu yap\u0131<\/h4><\/article><article class=\"icon-box5\" ><i class=\"sl-check\" style=\" color:#00c2e5;\"><\/i><h4>Sosyal Medya entegrasyonu<\/h4><\/article><article class=\"icon-box5\" ><i class=\"sl-check\" style=\" color:#00c2e5;\"><\/i><h4>Google Harita entegrasyonu<\/h4><\/article>[\/vc_column_inner][\/vc_row_inner]<hr class=\"vertical-space4\">[\/vc_column][\/vc_row][vc_row][vc_column]<hr class=\"vertical-space2\">\n\t<div class=\"max-title max-title3\">\n\t\t<h2>Profesyonel <strong>Hizmetlerimiz <\/strong><\/h2>\n\t<\/div>[\/vc_column][\/vc_row][vc_row][vc_column width=&#8221;1\/3&#8243;]<article class=\"icon-box\" ><i class=\"sl-wrench\" style=\"\"><\/i><h4>\u015eablon Geli\u015ftirme<\/h4><p>Size sitenizi kurman\u0131z i\u00e7in m\u00fckemmel, SEO dostu, \u00e7apraz platformlu ve standartlara uygun bir temel olu\u015fturaca\u011f\u0131z.<\/p><\/article>[\/vc_column][vc_column width=&#8221;1\/3&#8243;]<article class=\"icon-box\" ><i class=\"sl-layers\" style=\"\"><\/i><h4>\u00d6zel CMS Programlama<\/h4><p>Increaweb'in i\u00e7ermedi\u011fi \u00f6zel bir uygulama veya \u00f6zellik geli\u015ftirmek istiyorsan\u0131z, bunu sizin i\u00e7in olu\u015ftural\u0131m.<\/p><\/article>[\/vc_column][vc_column width=&#8221;1\/3&#8243;]<article class=\"icon-box\" ><i class=\"sl-screen-desktop\" style=\"\"><\/i><h4>Site Ta\u015f\u0131ma<\/h4><p>Sitenizi IncreaWeb CMS'ye ta\u015f\u0131mak m\u0131 istiyorsunuz ? Ta\u015f\u0131ma i\u015flemini sizin i\u00e7in halledelim.<\/p><\/article>[\/vc_column][\/vc_row][vc_row][vc_column]<hr class=\"vertical-space1\">[\/vc_column][\/vc_row][vc_row row_type=&#8221;2&#8243; blox_image=&#8221;9171&#8243; blox_cover=&#8221;false&#8221; blox_repeat=&#8221;repeat&#8221; blox_dark=&#8221;true&#8221; blox_bgcolor=&#8221;#00c2e5&#8243;][vc_column]<hr class=\"vertical-space3\">[vc_row_inner][vc_column_inner el_class=&#8221;aligncenter&#8221;][vc_column_text]<\/p>\n<h1 style=\"text-align: center;\"><strong>Projenize<\/strong> Ba\u015flayal\u0131m<\/h1>\n<p>[\/vc_column_text]<hr class=\"vertical-space1\">[vc_column_text]<\/p>\n<p class=\"slog-tx2 aligncenter\">Hedeflerinize ula\u015fman\u0131za ve i\u015finizi b\u00fcy\u00fctmenize yard\u0131m i\u00e7in buraday\u0131z.<\/p>\n<p>[\/vc_column_text]<hr class=\"vertical-space1\"><a href=\"https:\/\/increaweb.com\/tr\/teklif-iste\" class=\"button skyblue  medium bordered-bot \" target=\"_self\">TEKL\u0130F \u0130STE<\/a>[\/vc_column_inner][\/vc_row_inner]<hr class=\"vertical-space2\">[\/vc_column][\/vc_row]<\/p>\n<\/div>","protected":false},"excerpt":{"rendered":"<p>[vc_row row_type=&#8221;3&#8243; blox_image=&#8221;9490&#8243; align_center=&#8221;aligncenter&#8221; page_title=&#8221;page-title-x&#8221; blox_dark=&#8221;true&#8221; parallax_speed=&#8221;7&#8243;][vc_column][vc_column_text] \u00d6ZEL CMS S\u0130TELER [\/vc_column_text][\/vc_column][\/vc_row][vc_row][vc_column width=&#8221;1\/6&#8243;][\/vc_column][vc_column width=&#8221;2\/3&#8243;][vc_icon icon_fontawesome=&#8221;fas fa-layer-group&#8221; color=&#8221;grey&#8221; size=&#8221;xl&#8221; align=&#8221;center&#8221;][vc_column_text] \u00d6zel CMS Web sitenizi s\u0131k s\u0131k de\u011fi\u015ftirmeniz gerekirse, statik bir web sitesi yerine bir CMS web sitesi d\u00fc\u015f\u00fcnmelisiniz. \u0130\u00e7erik Y\u00f6netim Sistemi (CMS) Web Sitesi, sizin veya ortaklar\u0131n\u0131z\u0131n \/ \u00e7al\u0131\u015fanlar\u0131n\u0131z\u0131n, web sitenize bir parola ile korunan bir y\u00f6netim panelinden i\u00e7erik eklemesini ve d\u00fczenlemesini sa\u011flar. Bu sistemler kullan\u0131\u015fl\u0131d\u0131r, \u00e7\u00fcnk\u00fc yeni sayfalar eklemek veya sitenizin i\u00e7eri\u011fini d\u00fczenlemek veya silmek i\u00e7in HTML \/ PHP e\u011fitimine ihtiyac\u0131n\u0131z yoktur. [\/vc_column_text][\/vc_column][vc_column width=&#8221;1\/6&#8243;][\/vc_column][\/vc_row][vc_row row_type=&#8221;2&#8243; blox_bgcolor=&#8221;#f7f7f7&#8243;][vc_column][vc_column_text] Bir web sitesi veya web tabanl\u0131 bir sistem i\u00e7in \u00f6zel olarak tasarlanm\u0131\u015f bir \u00e7\u00f6z\u00fcme ihtiya\u00e7 duyan m\u00fc\u015fteriler i\u00e7in \u00f6zel CMS platformlar\u0131 olu\u015fturuyoruz. \u00d6zel CMS Hizmetlerimizle birlikte sundu\u011fumuz dikkate de\u011fer avantajlardan baz\u0131lar\u0131 \u015funlard\u0131r : [\/vc_column_text][\/vc_column][\/vc_row][vc_row row_type=&#8221;2&#8243; blox_padding_bottom=&#8221;80&#8243; blox_bgcolor=&#8221;#f7f7f7&#8243;][vc_column width=&#8221;1\/2&#8243;][\/vc_column][vc_column width=&#8221;1\/2&#8243;][\/vc_column][\/vc_row][vc_row][vc_column][vc_column_text] Kullan\u0131m\u0131 kolay i\u00e7erik y\u00f6netim sistemimiz (CMS), a\u015fa\u011f\u0131dakiler de dahil olmak \u00fczere web sitesi i\u00e7eri\u011finizi olu\u015fturman\u0131za, d\u00fczenlemenize ve yay\u0131nlaman\u0131za olanak tan\u0131r. [\/vc_column_text][vc_row_inner][vc_column_inner width=&#8221;1\/2&#8243;][vc_single_image image=&#8221;10142&#8243; img_size=&#8221;full&#8221;][\/vc_column_inner][vc_column_inner width=&#8221;1\/2&#8243;][\/vc_column_inner][\/vc_row_inner][\/vc_column][\/vc_row][vc_row][vc_column][\/vc_column][\/vc_row][vc_row][vc_column width=&#8221;1\/3&#8243;][\/vc_column][vc_column width=&#8221;1\/3&#8243;][\/vc_column][vc_column width=&#8221;1\/3&#8243;][\/vc_column][\/vc_row][vc_row][vc_column][\/vc_column][\/vc_row][vc_row row_type=&#8221;2&#8243; blox_image=&#8221;9171&#8243; blox_cover=&#8221;false&#8221; blox_repeat=&#8221;repeat&#8221; blox_dark=&#8221;true&#8221; blox_bgcolor=&#8221;#00c2e5&#8243;][vc_column][vc_row_inner][vc_column_inner el_class=&#8221;aligncenter&#8221;][vc_column_text] Projenize Ba\u015flayal\u0131m [\/vc_column_text][vc_column_text] Hedeflerinize ula\u015fman\u0131za ve i\u015finizi b\u00fcy\u00fctmenize yard\u0131m i\u00e7in buraday\u0131z. [\/vc_column_text][\/vc_column_inner][\/vc_row_inner][\/vc_column][\/vc_row]<\/p>\n","protected":false},"author":1,"featured_media":0,"parent":0,"menu_order":0,"comment_status":"closed","ping_status":"closed","template":"","meta":{"footnotes":""},"class_list":["post-10068","page","type-page","status-publish","hentry"],"yoast_head":"<!-- This site is optimized with the Yoast SEO plugin v26.9 - https:\/\/yoast.com\/product\/yoast-seo-wordpress\/ -->\n<title>\u00d6zel CMS Siteler | IncreaWeb<\/title>\n<meta name=\"robots\" content=\"index, follow, max-snippet:-1, max-image-preview:large, max-video-preview:-1\" \/>\n<link rel=\"canonical\" href=\"https:\/\/www.increaweb.com\/tr\/ozel-cms-siteler\/\" \/>\n<meta property=\"og:locale\" content=\"tr_TR\" \/>\n<meta property=\"og:type\" content=\"article\" \/>\n<meta property=\"og:title\" content=\"\u00d6zel CMS Siteler | IncreaWeb\" \/>\n<meta property=\"og:description\" content=\"[vc_row row_type=&#8221;3&#8243; blox_image=&#8221;9490&#8243; align_center=&#8221;aligncenter&#8221; page_title=&#8221;page-title-x&#8221; blox_dark=&#8221;true&#8221; parallax_speed=&#8221;7&#8243;][vc_column][vc_column_text] \u00d6ZEL CMS S\u0130TELER [\/vc_column_text][\/vc_column][\/vc_row][vc_row][vc_column width=&#8221;1\/6&#8243;][\/vc_column][vc_column width=&#8221;2\/3&#8243;][vc_icon icon_fontawesome=&#8221;fas fa-layer-group&#8221; color=&#8221;grey&#8221; size=&#8221;xl&#8221; align=&#8221;center&#8221;][vc_column_text] \u00d6zel CMS Web sitenizi s\u0131k s\u0131k de\u011fi\u015ftirmeniz gerekirse, statik bir web sitesi yerine bir CMS web sitesi d\u00fc\u015f\u00fcnmelisiniz. \u0130\u00e7erik Y\u00f6netim Sistemi (CMS) Web Sitesi, sizin veya ortaklar\u0131n\u0131z\u0131n \/ \u00e7al\u0131\u015fanlar\u0131n\u0131z\u0131n, web sitenize bir parola ile korunan bir y\u00f6netim panelinden i\u00e7erik eklemesini ve d\u00fczenlemesini sa\u011flar. Bu sistemler kullan\u0131\u015fl\u0131d\u0131r, \u00e7\u00fcnk\u00fc yeni sayfalar eklemek veya sitenizin i\u00e7eri\u011fini d\u00fczenlemek veya silmek i\u00e7in HTML \/ PHP e\u011fitimine ihtiyac\u0131n\u0131z yoktur. [\/vc_column_text][\/vc_column][vc_column width=&#8221;1\/6&#8243;][\/vc_column][\/vc_row][vc_row row_type=&#8221;2&#8243; blox_bgcolor=&#8221;#f7f7f7&#8243;][vc_column][vc_column_text] Bir web sitesi veya web tabanl\u0131 bir sistem i\u00e7in \u00f6zel olarak tasarlanm\u0131\u015f bir \u00e7\u00f6z\u00fcme ihtiya\u00e7 duyan m\u00fc\u015fteriler i\u00e7in \u00f6zel CMS platformlar\u0131 olu\u015fturuyoruz. \u00d6zel CMS Hizmetlerimizle birlikte sundu\u011fumuz dikkate de\u011fer avantajlardan baz\u0131lar\u0131 \u015funlard\u0131r : [\/vc_column_text][\/vc_column][\/vc_row][vc_row row_type=&#8221;2&#8243; blox_padding_bottom=&#8221;80&#8243; blox_bgcolor=&#8221;#f7f7f7&#8243;][vc_column width=&#8221;1\/2&#8243;][\/vc_column][vc_column width=&#8221;1\/2&#8243;][\/vc_column][\/vc_row][vc_row][vc_column][vc_column_text] Kullan\u0131m\u0131 kolay i\u00e7erik y\u00f6netim sistemimiz (CMS), a\u015fa\u011f\u0131dakiler de dahil olmak \u00fczere web sitesi i\u00e7eri\u011finizi olu\u015fturman\u0131za, d\u00fczenlemenize ve yay\u0131nlaman\u0131za olanak tan\u0131r. [\/vc_column_text][vc_row_inner][vc_column_inner width=&#8221;1\/2&#8243;][vc_single_image image=&#8221;10142&#8243; img_size=&#8221;full&#8221;][\/vc_column_inner][vc_column_inner width=&#8221;1\/2&#8243;][\/vc_column_inner][\/vc_row_inner][\/vc_column][\/vc_row][vc_row][vc_column][\/vc_column][\/vc_row][vc_row][vc_column width=&#8221;1\/3&#8243;][\/vc_column][vc_column width=&#8221;1\/3&#8243;][\/vc_column][vc_column width=&#8221;1\/3&#8243;][\/vc_column][\/vc_row][vc_row][vc_column][\/vc_column][\/vc_row][vc_row row_type=&#8221;2&#8243; blox_image=&#8221;9171&#8243; blox_cover=&#8221;false&#8221; blox_repeat=&#8221;repeat&#8221; blox_dark=&#8221;true&#8221; blox_bgcolor=&#8221;#00c2e5&#8243;][vc_column][vc_row_inner][vc_column_inner el_class=&#8221;aligncenter&#8221;][vc_column_text] Projenize Ba\u015flayal\u0131m [\/vc_column_text][vc_column_text] Hedeflerinize ula\u015fman\u0131za ve i\u015finizi b\u00fcy\u00fctmenize yard\u0131m i\u00e7in buraday\u0131z. [\/vc_column_text][\/vc_column_inner][\/vc_row_inner][\/vc_column][\/vc_row]\" \/>\n<meta property=\"og:url\" content=\"https:\/\/www.increaweb.com\/tr\/ozel-cms-siteler\/\" \/>\n<meta property=\"og:site_name\" content=\"IncreaWeb\" \/>\n<meta property=\"article:modified_time\" content=\"2023-02-28T14:17:25+00:00\" \/>\n<meta name=\"twitter:card\" content=\"summary_large_image\" \/>\n<meta name=\"twitter:label1\" content=\"Tahmini okuma s\u00fcresi\" \/>\n\t<meta name=\"twitter:data1\" content=\"4 dakika\" \/>\n<script type=\"application\/ld+json\" class=\"yoast-schema-graph\">{\"@context\":\"https:\/\/schema.org\",\"@graph\":[{\"@type\":\"WebPage\",\"@id\":\"https:\/\/www.increaweb.com\/tr\/ozel-cms-siteler\/\",\"url\":\"https:\/\/www.increaweb.com\/tr\/ozel-cms-siteler\/\",\"name\":\"\u00d6zel CMS Siteler | IncreaWeb\",\"isPartOf\":{\"@id\":\"https:\/\/www.increaweb.com\/#website\"},\"datePublished\":\"2019-07-24T15:21:09+00:00\",\"dateModified\":\"2023-02-28T14:17:25+00:00\",\"breadcrumb\":{\"@id\":\"https:\/\/www.increaweb.com\/tr\/ozel-cms-siteler\/#breadcrumb\"},\"inLanguage\":\"tr\",\"potentialAction\":[{\"@type\":\"ReadAction\",\"target\":[\"https:\/\/www.increaweb.com\/tr\/ozel-cms-siteler\/\"]}]},{\"@type\":\"BreadcrumbList\",\"@id\":\"https:\/\/www.increaweb.com\/tr\/ozel-cms-siteler\/#breadcrumb\",\"itemListElement\":[{\"@type\":\"ListItem\",\"position\":1,\"name\":\"Home\",\"item\":\"https:\/\/www.increaweb.com\/tr\/ana-sayfa\/\"},{\"@type\":\"ListItem\",\"position\":2,\"name\":\"\u00d6zel CMS Siteler\"}]},{\"@type\":\"WebSite\",\"@id\":\"https:\/\/www.increaweb.com\/#website\",\"url\":\"https:\/\/www.increaweb.com\/\",\"name\":\"IncreaWeb\",\"description\":\"Increa Web Solutions\",\"publisher\":{\"@id\":\"https:\/\/www.increaweb.com\/#organization\"},\"potentialAction\":[{\"@type\":\"SearchAction\",\"target\":{\"@type\":\"EntryPoint\",\"urlTemplate\":\"https:\/\/www.increaweb.com\/?s={search_term_string}\"},\"query-input\":{\"@type\":\"PropertyValueSpecification\",\"valueRequired\":true,\"valueName\":\"search_term_string\"}}],\"inLanguage\":\"tr\"},{\"@type\":\"Organization\",\"@id\":\"https:\/\/www.increaweb.com\/#organization\",\"name\":\"IncreaWeb Solutions\",\"url\":\"https:\/\/www.increaweb.com\/\",\"logo\":{\"@type\":\"ImageObject\",\"inLanguage\":\"tr\",\"@id\":\"https:\/\/www.increaweb.com\/#\/schema\/logo\/image\/\",\"url\":\"https:\/\/www.increaweb.com\/wp-content\/uploads\/2019\/08\/Logo_yeni1.png\",\"contentUrl\":\"https:\/\/www.increaweb.com\/wp-content\/uploads\/2019\/08\/Logo_yeni1.png\",\"width\":1000,\"height\":118,\"caption\":\"IncreaWeb Solutions\"},\"image\":{\"@id\":\"https:\/\/www.increaweb.com\/#\/schema\/logo\/image\/\"}}]}<\/script>\n<!-- \/ Yoast SEO plugin. -->","yoast_head_json":{"title":"\u00d6zel CMS Siteler | IncreaWeb","robots":{"index":"index","follow":"follow","max-snippet":"max-snippet:-1","max-image-preview":"max-image-preview:large","max-video-preview":"max-video-preview:-1"},"canonical":"https:\/\/www.increaweb.com\/tr\/ozel-cms-siteler\/","og_locale":"tr_TR","og_type":"article","og_title":"\u00d6zel CMS Siteler | IncreaWeb","og_description":"[vc_row row_type=&#8221;3&#8243; blox_image=&#8221;9490&#8243; align_center=&#8221;aligncenter&#8221; page_title=&#8221;page-title-x&#8221; blox_dark=&#8221;true&#8221; parallax_speed=&#8221;7&#8243;][vc_column][vc_column_text] \u00d6ZEL CMS S\u0130TELER [\/vc_column_text][\/vc_column][\/vc_row][vc_row][vc_column width=&#8221;1\/6&#8243;][\/vc_column][vc_column width=&#8221;2\/3&#8243;][vc_icon icon_fontawesome=&#8221;fas fa-layer-group&#8221; color=&#8221;grey&#8221; size=&#8221;xl&#8221; align=&#8221;center&#8221;][vc_column_text] \u00d6zel CMS Web sitenizi s\u0131k s\u0131k de\u011fi\u015ftirmeniz gerekirse, statik bir web sitesi yerine bir CMS web sitesi d\u00fc\u015f\u00fcnmelisiniz. \u0130\u00e7erik Y\u00f6netim Sistemi (CMS) Web Sitesi, sizin veya ortaklar\u0131n\u0131z\u0131n \/ \u00e7al\u0131\u015fanlar\u0131n\u0131z\u0131n, web sitenize bir parola ile korunan bir y\u00f6netim panelinden i\u00e7erik eklemesini ve d\u00fczenlemesini sa\u011flar. Bu sistemler kullan\u0131\u015fl\u0131d\u0131r, \u00e7\u00fcnk\u00fc yeni sayfalar eklemek veya sitenizin i\u00e7eri\u011fini d\u00fczenlemek veya silmek i\u00e7in HTML \/ PHP e\u011fitimine ihtiyac\u0131n\u0131z yoktur. [\/vc_column_text][\/vc_column][vc_column width=&#8221;1\/6&#8243;][\/vc_column][\/vc_row][vc_row row_type=&#8221;2&#8243; blox_bgcolor=&#8221;#f7f7f7&#8243;][vc_column][vc_column_text] Bir web sitesi veya web tabanl\u0131 bir sistem i\u00e7in \u00f6zel olarak tasarlanm\u0131\u015f bir \u00e7\u00f6z\u00fcme ihtiya\u00e7 duyan m\u00fc\u015fteriler i\u00e7in \u00f6zel CMS platformlar\u0131 olu\u015fturuyoruz. \u00d6zel CMS Hizmetlerimizle birlikte sundu\u011fumuz dikkate de\u011fer avantajlardan baz\u0131lar\u0131 \u015funlard\u0131r : [\/vc_column_text][\/vc_column][\/vc_row][vc_row row_type=&#8221;2&#8243; blox_padding_bottom=&#8221;80&#8243; blox_bgcolor=&#8221;#f7f7f7&#8243;][vc_column width=&#8221;1\/2&#8243;][\/vc_column][vc_column width=&#8221;1\/2&#8243;][\/vc_column][\/vc_row][vc_row][vc_column][vc_column_text] Kullan\u0131m\u0131 kolay i\u00e7erik y\u00f6netim sistemimiz (CMS), a\u015fa\u011f\u0131dakiler de dahil olmak \u00fczere web sitesi i\u00e7eri\u011finizi olu\u015fturman\u0131za, d\u00fczenlemenize ve yay\u0131nlaman\u0131za olanak tan\u0131r. [\/vc_column_text][vc_row_inner][vc_column_inner width=&#8221;1\/2&#8243;][vc_single_image image=&#8221;10142&#8243; img_size=&#8221;full&#8221;][\/vc_column_inner][vc_column_inner width=&#8221;1\/2&#8243;][\/vc_column_inner][\/vc_row_inner][\/vc_column][\/vc_row][vc_row][vc_column][\/vc_column][\/vc_row][vc_row][vc_column width=&#8221;1\/3&#8243;][\/vc_column][vc_column width=&#8221;1\/3&#8243;][\/vc_column][vc_column width=&#8221;1\/3&#8243;][\/vc_column][\/vc_row][vc_row][vc_column][\/vc_column][\/vc_row][vc_row row_type=&#8221;2&#8243; blox_image=&#8221;9171&#8243; blox_cover=&#8221;false&#8221; blox_repeat=&#8221;repeat&#8221; blox_dark=&#8221;true&#8221; blox_bgcolor=&#8221;#00c2e5&#8243;][vc_column][vc_row_inner][vc_column_inner el_class=&#8221;aligncenter&#8221;][vc_column_text] Projenize Ba\u015flayal\u0131m [\/vc_column_text][vc_column_text] Hedeflerinize ula\u015fman\u0131za ve i\u015finizi b\u00fcy\u00fctmenize yard\u0131m i\u00e7in buraday\u0131z. [\/vc_column_text][\/vc_column_inner][\/vc_row_inner][\/vc_column][\/vc_row]","og_url":"https:\/\/www.increaweb.com\/tr\/ozel-cms-siteler\/","og_site_name":"IncreaWeb","article_modified_time":"2023-02-28T14:17:25+00:00","twitter_card":"summary_large_image","twitter_misc":{"Tahmini okuma s\u00fcresi":"4 dakika"},"schema":{"@context":"https:\/\/schema.org","@graph":[{"@type":"WebPage","@id":"https:\/\/www.increaweb.com\/tr\/ozel-cms-siteler\/","url":"https:\/\/www.increaweb.com\/tr\/ozel-cms-siteler\/","name":"\u00d6zel CMS Siteler | IncreaWeb","isPartOf":{"@id":"https:\/\/www.increaweb.com\/#website"},"datePublished":"2019-07-24T15:21:09+00:00","dateModified":"2023-02-28T14:17:25+00:00","breadcrumb":{"@id":"https:\/\/www.increaweb.com\/tr\/ozel-cms-siteler\/#breadcrumb"},"inLanguage":"tr","potentialAction":[{"@type":"ReadAction","target":["https:\/\/www.increaweb.com\/tr\/ozel-cms-siteler\/"]}]},{"@type":"BreadcrumbList","@id":"https:\/\/www.increaweb.com\/tr\/ozel-cms-siteler\/#breadcrumb","itemListElement":[{"@type":"ListItem","position":1,"name":"Home","item":"https:\/\/www.increaweb.com\/tr\/ana-sayfa\/"},{"@type":"ListItem","position":2,"name":"\u00d6zel CMS Siteler"}]},{"@type":"WebSite","@id":"https:\/\/www.increaweb.com\/#website","url":"https:\/\/www.increaweb.com\/","name":"IncreaWeb","description":"Increa Web Solutions","publisher":{"@id":"https:\/\/www.increaweb.com\/#organization"},"potentialAction":[{"@type":"SearchAction","target":{"@type":"EntryPoint","urlTemplate":"https:\/\/www.increaweb.com\/?s={search_term_string}"},"query-input":{"@type":"PropertyValueSpecification","valueRequired":true,"valueName":"search_term_string"}}],"inLanguage":"tr"},{"@type":"Organization","@id":"https:\/\/www.increaweb.com\/#organization","name":"IncreaWeb Solutions","url":"https:\/\/www.increaweb.com\/","logo":{"@type":"ImageObject","inLanguage":"tr","@id":"https:\/\/www.increaweb.com\/#\/schema\/logo\/image\/","url":"https:\/\/www.increaweb.com\/wp-content\/uploads\/2019\/08\/Logo_yeni1.png","contentUrl":"https:\/\/www.increaweb.com\/wp-content\/uploads\/2019\/08\/Logo_yeni1.png","width":1000,"height":118,"caption":"IncreaWeb Solutions"},"image":{"@id":"https:\/\/www.increaweb.com\/#\/schema\/logo\/image\/"}}]}},"_links":{"self":[{"href":"https:\/\/www.increaweb.com\/tr\/wp-json\/wp\/v2\/pages\/10068","targetHints":{"allow":["GET"]}}],"collection":[{"href":"https:\/\/www.increaweb.com\/tr\/wp-json\/wp\/v2\/pages"}],"about":[{"href":"https:\/\/www.increaweb.com\/tr\/wp-json\/wp\/v2\/types\/page"}],"author":[{"embeddable":true,"href":"https:\/\/www.increaweb.com\/tr\/wp-json\/wp\/v2\/users\/1"}],"replies":[{"embeddable":true,"href":"https:\/\/www.increaweb.com\/tr\/wp-json\/wp\/v2\/comments?post=10068"}],"version-history":[{"count":0,"href":"https:\/\/www.increaweb.com\/tr\/wp-json\/wp\/v2\/pages\/10068\/revisions"}],"wp:attachment":[{"href":"https:\/\/www.increaweb.com\/tr\/wp-json\/wp\/v2\/media?parent=10068"}],"curies":[{"name":"wp","href":"https:\/\/api.w.org\/{rel}","templated":true}]}}