{"id":10062,"date":"2019-07-24T13:58:45","date_gmt":"2019-07-24T13:58:45","guid":{"rendered":"https:\/\/www.increaweb.com\/?page_id=10062"},"modified":"2023-02-28T14:14:13","modified_gmt":"2023-02-28T14:14:13","slug":"e-ticaret-siteleri","status":"publish","type":"page","link":"https:\/\/www.increaweb.com\/tr\/e-ticaret-siteleri\/","title":{"rendered":"E-Ticaret Siteleri"},"content":{"rendered":"<div class=\"wpb-content-wrapper\"><p>[vc_row row_type=&#8221;3&#8243; blox_image=&#8221;9477&#8243; align_center=&#8221;aligncenter&#8221; page_title=&#8221;page-title-x&#8221; blox_dark=&#8221;true&#8221; parallax_speed=&#8221;7&#8243;][vc_column]<hr class=\"vertical-space5\"><hr class=\"vertical-space5\"><hr class=\"vertical-space3\">[vc_column_text]<\/p>\n<h2 class=\"respo-tagline\" style=\"text-align: center; letter-spacing: 1px;\"><strong>E-T\u0130CARET S\u0130TELER\u0130<\/strong><\/h2>\n<p>[\/vc_column_text]<hr class=\"vertical-space5\"><hr class=\"vertical-space5\">[\/vc_column][\/vc_row][vc_row][vc_column width=&#8221;1\/6&#8243;][\/vc_column][vc_column width=&#8221;2\/3&#8243;]<hr class=\"vertical-space2\">[vc_icon icon_fontawesome=&#8221;fas fa-shopping-cart&#8221; color=&#8221;grey&#8221; size=&#8221;xl&#8221; align=&#8221;center&#8221;]<hr class=\"vertical-space1\">[vc_column_text]<\/p>\n<h3 style=\"text-align: center;\"><strong>E-Ticaret<\/strong><\/h3>\n<p style=\"text-align: center;\">Ne sat\u0131yor olursan\u0131z olun, perakende ma\u011fazac\u0131l\u0131\u011f\u0131n iyi bir i\u015f oldu\u011funu herkes bilir ; her zaman, \u00fcr\u00fcnlerinizi veya hizmetlerinizi sat\u0131n almak isteyen insanlar olacakt\u0131r. Ancak bir perakende sat\u0131\u015f ma\u011fazas\u0131 co\u011frafi konumuyla s\u0131n\u0131rl\u0131d\u0131r. Globalle\u015fmek istiyorsan\u0131z, internette s\u0131n\u0131r yoktur.<\/p>\n<p>[\/vc_column_text][\/vc_column][vc_column width=&#8221;1\/6&#8243;][\/vc_column][\/vc_row][vc_row row_type=&#8221;2&#8243; blox_bgcolor=&#8221;#f7f7f7&#8243;][vc_column]<hr class=\"vertical-space5\">\n\t<div class=\"max-title max-title3\">\n\t\t<h2>Ne <strong>Yap\u0131yoruz<\/strong><\/h2>\n\t<\/div>[vc_column_text]<\/p>\n<p class=\"slog-tx3 aligncenter\" style=\"text-align: center;\">\u0130leti\u015fimi kolayla\u015ft\u0131rmak, \u0130\u015f ak\u0131\u015f\u0131n\u0131 otomatikle\u015ftirmek, Y\u00fcksek hacimli i\u015flemleri y\u00f6netmek, Kullan\u0131c\u0131 y\u00f6netimi ve Kimlik do\u011frulamas\u0131, Veri ve\u0130i\u00e7erik y\u00f6netimi, Al\u0131\u015fveri\u015f sepeti uygulamalar\u0131 ve \u00d6deme a\u011f ge\u00e7idi entegrasyonu i\u00e7in u\u00e7tan uca E-ticaret \u00e7\u00f6z\u00fcmleri tasarlaman\u0131za ve geli\u015ftirmenize yard\u0131mc\u0131 olabiliriz.<\/p>\n<p class=\"slog-tx3 aligncenter\" style=\"text-align: center;\">Tasar\u0131m hizmetlerimizin i\u00e7erikleri :<\/p>\n<p>[\/vc_column_text]<hr class=\"vertical-space3\">[\/vc_column][\/vc_row][vc_row row_type=&#8221;2&#8243; blox_padding_bottom=&#8221;80&#8243; blox_bgcolor=&#8221;#f7f7f7&#8243;][vc_column width=&#8221;1\/2&#8243;]<article class=\"icon-box7\" ><i class=\"sl-check\" style=\" color:#00c2e5;\"><\/i><h4>Yeni bir Online Sat\u0131\u015f Sitesi Tasar\u0131m\u0131<\/h4><\/article><article class=\"icon-box7\" ><i class=\"sl-check\" style=\" color:#00c2e5;\"><\/i><h4>Benzersiz a\u00e7\u0131l\u0131\u015f sayfalar\u0131 olu\u015fturma<\/h4><\/article><article class=\"icon-box7\" ><i class=\"sl-check\" style=\" color:#00c2e5;\"><\/i><h4>Yarat\u0131c\u0131 E-posta kampanyalar\u0131 geli\u015ftirme<\/h4><\/article>[\/vc_column][vc_column width=&#8221;1\/2&#8243;]<article class=\"icon-box7\" ><i class=\"sl-check\" style=\" color:#00c2e5;\"><\/i><h4>\u00d6zel tasar\u0131m, Mobil uyarlama<\/h4><\/article><article class=\"icon-box7\" ><i class=\"sl-check\" style=\" color:#00c2e5;\"><\/i><h4>Web Bar\u0131nd\u0131rma \/ Alan Ad\u0131 Kayd\u0131<\/h4><\/article><article class=\"icon-box7\" ><i class=\"sl-check\" style=\" color:#00c2e5;\"><\/i><h4>Tam Arama motoru optimizasyonu<\/h4><\/article>[\/vc_column][\/vc_row][vc_row][vc_column]<hr class=\"vertical-space5\">\n\t<div class=\"max-title max-title3\">\n\t\t<h2>E-Ticaret <strong>\u00c7\u00f6z\u00fcmlerimiz <\/strong><\/h2>\n\t<\/div>[vc_column_text]<\/p>\n<p class=\"slog-tx3 aligncenter\">Benzersiz hedeflerinize ve gereksinimlerinize dayanarak, \u00f6zel e-ticaret \u00e7\u00f6z\u00fcmleri sunuyoruz. \u0130htiyac\u0131n\u0131z olan t\u00fcm niteliklere sahip, istikrarl\u0131 ve g\u00fcvenli tam \u00f6zellikli bir E-ticaret web \u00e7\u00f6z\u00fcm\u00fc alacaks\u0131n\u0131z.<\/p>\n<p>[\/vc_column_text]<hr class=\"vertical-space2\">[vc_row_inner][vc_column_inner width=&#8221;1\/2&#8243;][vc_single_image image=&#8221;10138&#8243; img_size=&#8221;full&#8221;][\/vc_column_inner][vc_column_inner width=&#8221;1\/2&#8243;]<hr class=\"vertical-space4\"><article class=\"icon-box5\" ><i class=\"sl-check\" style=\" color:#00c2e5;\"><\/i><h4>Ziyaret\u00e7ilerin \u00fcr\u00fcn ekleyebilece\u011fi ve de\u011fi\u015ftirebilece\u011fi \u00e7evrimi\u00e7i al\u0131\u015fveri\u015f sepeti<\/h4><\/article><article class=\"icon-box5\" ><i class=\"sl-check\" style=\" color:#00c2e5;\"><\/i><h4>Sipari\u015f ge\u00e7mi\u015fi, Sevkiyat durumu, \u0130stek listesi olu\u015fturma<\/h4><\/article><article class=\"icon-box5\" ><i class=\"sl-check\" style=\" color:#00c2e5;\"><\/i><h4>128 bit SSL \u015fifrelemesi ile g\u00fcvenli \u00f6deme<\/h4><\/article><article class=\"icon-box5\" ><i class=\"sl-check\" style=\" color:#00c2e5;\"><\/i><h4>Hediye paketleri ve hediye kart\u0131 mesajlar\u0131<\/h4><\/article><article class=\"icon-box5\" ><i class=\"sl-check\" style=\" color:#00c2e5;\"><\/i><h4>Paypal ve 10'den fazla di\u011fer \u00f6deme a\u011f ge\u00e7itleri ile entegrasyon<\/h4><\/article><article class=\"icon-box5\" ><i class=\"sl-check\" style=\" color:#00c2e5;\"><\/i><h4>D\u00f6n\u00fc\u015f\u00fcmleri iyile\u015ftirmeye yard\u0131mc\u0131 olmak i\u00e7in anonim, tek sayfal\u0131k \u00f6deme<\/h4><\/article><article class=\"icon-box5\" ><i class=\"sl-check\" style=\" color:#00c2e5;\"><\/i><h4>\u00dcr\u00fcn fiyatland\u0131rmas\u0131n\u0131 ve a\u00e7\u0131klamalar\u0131n\u0131 kolayl\u0131kla ekleyin ve d\u00fczenleyin<\/h4><\/article><article class=\"icon-box5\" ><i class=\"sl-check\" style=\" color:#00c2e5;\"><\/i><h4>Renk ve a\u011f\u0131rl\u0131k se\u00e7imleri gibi \u00fcr\u00fcnler i\u00e7in \u00f6zel \u00f6znitelik se\u00e7enekleri<\/h4><\/article><article class=\"icon-box5\" ><i class=\"sl-check\" style=\" color:#00c2e5;\"><\/i><h4>Stok ve envanter y\u00f6netimi<\/h4><\/article><article class=\"icon-box5\" ><i class=\"sl-check\" style=\" color:#00c2e5;\"><\/i><h4>Elektronik tablo formatlar\u0131na aktar\u0131labilen sat\u0131\u015f raporlar\u0131<\/h4><\/article><article class=\"icon-box5\" ><i class=\"sl-check\" style=\" color:#00c2e5;\"><\/i><h4>SEO dostu ba\u011flant\u0131lar, site haritalar\u0131 ve Arama Motoru Optimizasyonu<\/h4><\/article><article class=\"icon-box5\" ><i class=\"sl-check\" style=\" color:#00c2e5;\"><\/i><h4>Kuponlar, \u0130ndirim kodlar\u0131 ve Hediye sertifikalar\u0131<\/h4><\/article>[\/vc_column_inner][\/vc_row_inner]<hr class=\"vertical-space3\">[\/vc_column][\/vc_row][vc_row row_type=&#8221;2&#8243; blox_image=&#8221;9171&#8243; blox_cover=&#8221;false&#8221; blox_repeat=&#8221;repeat&#8221; blox_dark=&#8221;true&#8221; blox_bgcolor=&#8221;#00c2e5&#8243;][vc_column]<hr class=\"vertical-space3\">[vc_row_inner][vc_column_inner el_class=&#8221;aligncenter&#8221;][vc_column_text]<\/p>\n<h1 style=\"text-align: center;\">Projenize Ba\u015flayal\u0131m<\/h1>\n<p>[\/vc_column_text]<hr class=\"vertical-space1\">[vc_column_text]<\/p>\n<div class=\"wpb_text_column wpb_content_element \">\n<div class=\"wpb_wrapper\">\n<p class=\"slog-tx2 aligncenter\" style=\"text-align: center;\">Hedeflerinize ula\u015fman\u0131za ve i\u015finizi b\u00fcy\u00fctmenize yard\u0131m i\u00e7in buraday\u0131z.<\/p>\n<\/div>\n<\/div>\n<p>[\/vc_column_text]<hr class=\"vertical-space1\"><a href=\"https:\/\/increaweb.com\/tr\/teklif-iste\" class=\"button skyblue  medium bordered-bot \" target=\"_self\">TEKL\u0130F \u0130STE<\/a>[\/vc_column_inner][\/vc_row_inner]<hr class=\"vertical-space2\">[\/vc_column][\/vc_row]<\/p>\n<\/div>","protected":false},"excerpt":{"rendered":"<p>[vc_row row_type=&#8221;3&#8243; blox_image=&#8221;9477&#8243; align_center=&#8221;aligncenter&#8221; page_title=&#8221;page-title-x&#8221; blox_dark=&#8221;true&#8221; parallax_speed=&#8221;7&#8243;][vc_column][vc_column_text] E-T\u0130CARET S\u0130TELER\u0130 [\/vc_column_text][\/vc_column][\/vc_row][vc_row][vc_column width=&#8221;1\/6&#8243;][\/vc_column][vc_column width=&#8221;2\/3&#8243;][vc_icon icon_fontawesome=&#8221;fas fa-shopping-cart&#8221; color=&#8221;grey&#8221; size=&#8221;xl&#8221; align=&#8221;center&#8221;][vc_column_text] E-Ticaret Ne sat\u0131yor olursan\u0131z olun, perakende ma\u011fazac\u0131l\u0131\u011f\u0131n iyi bir i\u015f oldu\u011funu herkes bilir ; her zaman, \u00fcr\u00fcnlerinizi veya hizmetlerinizi sat\u0131n almak isteyen insanlar olacakt\u0131r. Ancak bir perakende sat\u0131\u015f ma\u011fazas\u0131 co\u011frafi konumuyla s\u0131n\u0131rl\u0131d\u0131r. Globalle\u015fmek istiyorsan\u0131z, internette s\u0131n\u0131r yoktur. [\/vc_column_text][\/vc_column][vc_column width=&#8221;1\/6&#8243;][\/vc_column][\/vc_row][vc_row row_type=&#8221;2&#8243; blox_bgcolor=&#8221;#f7f7f7&#8243;][vc_column][vc_column_text] \u0130leti\u015fimi kolayla\u015ft\u0131rmak, \u0130\u015f ak\u0131\u015f\u0131n\u0131 otomatikle\u015ftirmek, Y\u00fcksek hacimli i\u015flemleri y\u00f6netmek, Kullan\u0131c\u0131 y\u00f6netimi ve Kimlik do\u011frulamas\u0131, Veri ve\u0130i\u00e7erik y\u00f6netimi, Al\u0131\u015fveri\u015f sepeti uygulamalar\u0131 ve \u00d6deme a\u011f ge\u00e7idi entegrasyonu i\u00e7in u\u00e7tan uca E-ticaret \u00e7\u00f6z\u00fcmleri tasarlaman\u0131za ve geli\u015ftirmenize yard\u0131mc\u0131 olabiliriz. Tasar\u0131m hizmetlerimizin i\u00e7erikleri : [\/vc_column_text][\/vc_column][\/vc_row][vc_row row_type=&#8221;2&#8243; blox_padding_bottom=&#8221;80&#8243; blox_bgcolor=&#8221;#f7f7f7&#8243;][vc_column width=&#8221;1\/2&#8243;][\/vc_column][vc_column width=&#8221;1\/2&#8243;][\/vc_column][\/vc_row][vc_row][vc_column][vc_column_text] Benzersiz hedeflerinize ve gereksinimlerinize dayanarak, \u00f6zel e-ticaret \u00e7\u00f6z\u00fcmleri sunuyoruz. \u0130htiyac\u0131n\u0131z olan t\u00fcm niteliklere sahip, istikrarl\u0131 ve g\u00fcvenli tam \u00f6zellikli bir E-ticaret web \u00e7\u00f6z\u00fcm\u00fc alacaks\u0131n\u0131z. [\/vc_column_text][vc_row_inner][vc_column_inner width=&#8221;1\/2&#8243;][vc_single_image image=&#8221;10138&#8243; img_size=&#8221;full&#8221;][\/vc_column_inner][vc_column_inner width=&#8221;1\/2&#8243;][\/vc_column_inner][\/vc_row_inner][\/vc_column][\/vc_row][vc_row row_type=&#8221;2&#8243; blox_image=&#8221;9171&#8243; blox_cover=&#8221;false&#8221; blox_repeat=&#8221;repeat&#8221; blox_dark=&#8221;true&#8221; blox_bgcolor=&#8221;#00c2e5&#8243;][vc_column][vc_row_inner][vc_column_inner el_class=&#8221;aligncenter&#8221;][vc_column_text] Projenize Ba\u015flayal\u0131m [\/vc_column_text][vc_column_text] Hedeflerinize ula\u015fman\u0131za ve i\u015finizi b\u00fcy\u00fctmenize yard\u0131m i\u00e7in buraday\u0131z. [\/vc_column_text][\/vc_column_inner][\/vc_row_inner][\/vc_column][\/vc_row]<\/p>\n","protected":false},"author":1,"featured_media":0,"parent":0,"menu_order":0,"comment_status":"closed","ping_status":"closed","template":"","meta":{"footnotes":""},"class_list":["post-10062","page","type-page","status-publish","hentry"],"yoast_head":"<!-- This site is optimized with the Yoast SEO plugin v26.9 - https:\/\/yoast.com\/product\/yoast-seo-wordpress\/ -->\n<title>E-Ticaret Siteleri | IncreaWeb<\/title>\n<meta name=\"robots\" content=\"index, follow, max-snippet:-1, max-image-preview:large, max-video-preview:-1\" \/>\n<link rel=\"canonical\" href=\"https:\/\/www.increaweb.com\/tr\/e-ticaret-siteleri\/\" \/>\n<meta property=\"og:locale\" content=\"tr_TR\" \/>\n<meta property=\"og:type\" content=\"article\" \/>\n<meta property=\"og:title\" content=\"E-Ticaret Siteleri | IncreaWeb\" \/>\n<meta property=\"og:description\" content=\"[vc_row row_type=&#8221;3&#8243; blox_image=&#8221;9477&#8243; align_center=&#8221;aligncenter&#8221; page_title=&#8221;page-title-x&#8221; blox_dark=&#8221;true&#8221; parallax_speed=&#8221;7&#8243;][vc_column][vc_column_text] E-T\u0130CARET S\u0130TELER\u0130 [\/vc_column_text][\/vc_column][\/vc_row][vc_row][vc_column width=&#8221;1\/6&#8243;][\/vc_column][vc_column width=&#8221;2\/3&#8243;][vc_icon icon_fontawesome=&#8221;fas fa-shopping-cart&#8221; color=&#8221;grey&#8221; size=&#8221;xl&#8221; align=&#8221;center&#8221;][vc_column_text] E-Ticaret Ne sat\u0131yor olursan\u0131z olun, perakende ma\u011fazac\u0131l\u0131\u011f\u0131n iyi bir i\u015f oldu\u011funu herkes bilir ; her zaman, \u00fcr\u00fcnlerinizi veya hizmetlerinizi sat\u0131n almak isteyen insanlar olacakt\u0131r. Ancak bir perakende sat\u0131\u015f ma\u011fazas\u0131 co\u011frafi konumuyla s\u0131n\u0131rl\u0131d\u0131r. Globalle\u015fmek istiyorsan\u0131z, internette s\u0131n\u0131r yoktur. [\/vc_column_text][\/vc_column][vc_column width=&#8221;1\/6&#8243;][\/vc_column][\/vc_row][vc_row row_type=&#8221;2&#8243; blox_bgcolor=&#8221;#f7f7f7&#8243;][vc_column][vc_column_text] \u0130leti\u015fimi kolayla\u015ft\u0131rmak, \u0130\u015f ak\u0131\u015f\u0131n\u0131 otomatikle\u015ftirmek, Y\u00fcksek hacimli i\u015flemleri y\u00f6netmek, Kullan\u0131c\u0131 y\u00f6netimi ve Kimlik do\u011frulamas\u0131, Veri ve\u0130i\u00e7erik y\u00f6netimi, Al\u0131\u015fveri\u015f sepeti uygulamalar\u0131 ve \u00d6deme a\u011f ge\u00e7idi entegrasyonu i\u00e7in u\u00e7tan uca E-ticaret \u00e7\u00f6z\u00fcmleri tasarlaman\u0131za ve geli\u015ftirmenize yard\u0131mc\u0131 olabiliriz. Tasar\u0131m hizmetlerimizin i\u00e7erikleri : [\/vc_column_text][\/vc_column][\/vc_row][vc_row row_type=&#8221;2&#8243; blox_padding_bottom=&#8221;80&#8243; blox_bgcolor=&#8221;#f7f7f7&#8243;][vc_column width=&#8221;1\/2&#8243;][\/vc_column][vc_column width=&#8221;1\/2&#8243;][\/vc_column][\/vc_row][vc_row][vc_column][vc_column_text] Benzersiz hedeflerinize ve gereksinimlerinize dayanarak, \u00f6zel e-ticaret \u00e7\u00f6z\u00fcmleri sunuyoruz. \u0130htiyac\u0131n\u0131z olan t\u00fcm niteliklere sahip, istikrarl\u0131 ve g\u00fcvenli tam \u00f6zellikli bir E-ticaret web \u00e7\u00f6z\u00fcm\u00fc alacaks\u0131n\u0131z. [\/vc_column_text][vc_row_inner][vc_column_inner width=&#8221;1\/2&#8243;][vc_single_image image=&#8221;10138&#8243; img_size=&#8221;full&#8221;][\/vc_column_inner][vc_column_inner width=&#8221;1\/2&#8243;][\/vc_column_inner][\/vc_row_inner][\/vc_column][\/vc_row][vc_row row_type=&#8221;2&#8243; blox_image=&#8221;9171&#8243; blox_cover=&#8221;false&#8221; blox_repeat=&#8221;repeat&#8221; blox_dark=&#8221;true&#8221; blox_bgcolor=&#8221;#00c2e5&#8243;][vc_column][vc_row_inner][vc_column_inner el_class=&#8221;aligncenter&#8221;][vc_column_text] Projenize Ba\u015flayal\u0131m [\/vc_column_text][vc_column_text] Hedeflerinize ula\u015fman\u0131za ve i\u015finizi b\u00fcy\u00fctmenize yard\u0131m i\u00e7in buraday\u0131z. [\/vc_column_text][\/vc_column_inner][\/vc_row_inner][\/vc_column][\/vc_row]\" \/>\n<meta property=\"og:url\" content=\"https:\/\/www.increaweb.com\/tr\/e-ticaret-siteleri\/\" \/>\n<meta property=\"og:site_name\" content=\"IncreaWeb\" \/>\n<meta property=\"article:modified_time\" content=\"2023-02-28T14:14:13+00:00\" \/>\n<meta name=\"twitter:card\" content=\"summary_large_image\" \/>\n<meta name=\"twitter:label1\" content=\"Tahmini okuma s\u00fcresi\" \/>\n\t<meta name=\"twitter:data1\" content=\"4 dakika\" \/>\n<script type=\"application\/ld+json\" class=\"yoast-schema-graph\">{\"@context\":\"https:\/\/schema.org\",\"@graph\":[{\"@type\":\"WebPage\",\"@id\":\"https:\/\/www.increaweb.com\/tr\/e-ticaret-siteleri\/\",\"url\":\"https:\/\/www.increaweb.com\/tr\/e-ticaret-siteleri\/\",\"name\":\"E-Ticaret Siteleri | IncreaWeb\",\"isPartOf\":{\"@id\":\"https:\/\/www.increaweb.com\/#website\"},\"datePublished\":\"2019-07-24T13:58:45+00:00\",\"dateModified\":\"2023-02-28T14:14:13+00:00\",\"breadcrumb\":{\"@id\":\"https:\/\/www.increaweb.com\/tr\/e-ticaret-siteleri\/#breadcrumb\"},\"inLanguage\":\"tr\",\"potentialAction\":[{\"@type\":\"ReadAction\",\"target\":[\"https:\/\/www.increaweb.com\/tr\/e-ticaret-siteleri\/\"]}]},{\"@type\":\"BreadcrumbList\",\"@id\":\"https:\/\/www.increaweb.com\/tr\/e-ticaret-siteleri\/#breadcrumb\",\"itemListElement\":[{\"@type\":\"ListItem\",\"position\":1,\"name\":\"Home\",\"item\":\"https:\/\/www.increaweb.com\/tr\/ana-sayfa\/\"},{\"@type\":\"ListItem\",\"position\":2,\"name\":\"E-Ticaret Siteleri\"}]},{\"@type\":\"WebSite\",\"@id\":\"https:\/\/www.increaweb.com\/#website\",\"url\":\"https:\/\/www.increaweb.com\/\",\"name\":\"IncreaWeb\",\"description\":\"Increa Web Solutions\",\"publisher\":{\"@id\":\"https:\/\/www.increaweb.com\/#organization\"},\"potentialAction\":[{\"@type\":\"SearchAction\",\"target\":{\"@type\":\"EntryPoint\",\"urlTemplate\":\"https:\/\/www.increaweb.com\/?s={search_term_string}\"},\"query-input\":{\"@type\":\"PropertyValueSpecification\",\"valueRequired\":true,\"valueName\":\"search_term_string\"}}],\"inLanguage\":\"tr\"},{\"@type\":\"Organization\",\"@id\":\"https:\/\/www.increaweb.com\/#organization\",\"name\":\"IncreaWeb Solutions\",\"url\":\"https:\/\/www.increaweb.com\/\",\"logo\":{\"@type\":\"ImageObject\",\"inLanguage\":\"tr\",\"@id\":\"https:\/\/www.increaweb.com\/#\/schema\/logo\/image\/\",\"url\":\"https:\/\/www.increaweb.com\/wp-content\/uploads\/2019\/08\/Logo_yeni1.png\",\"contentUrl\":\"https:\/\/www.increaweb.com\/wp-content\/uploads\/2019\/08\/Logo_yeni1.png\",\"width\":1000,\"height\":118,\"caption\":\"IncreaWeb Solutions\"},\"image\":{\"@id\":\"https:\/\/www.increaweb.com\/#\/schema\/logo\/image\/\"}}]}<\/script>\n<!-- \/ Yoast SEO plugin. -->","yoast_head_json":{"title":"E-Ticaret Siteleri | IncreaWeb","robots":{"index":"index","follow":"follow","max-snippet":"max-snippet:-1","max-image-preview":"max-image-preview:large","max-video-preview":"max-video-preview:-1"},"canonical":"https:\/\/www.increaweb.com\/tr\/e-ticaret-siteleri\/","og_locale":"tr_TR","og_type":"article","og_title":"E-Ticaret Siteleri | IncreaWeb","og_description":"[vc_row row_type=&#8221;3&#8243; blox_image=&#8221;9477&#8243; align_center=&#8221;aligncenter&#8221; page_title=&#8221;page-title-x&#8221; blox_dark=&#8221;true&#8221; parallax_speed=&#8221;7&#8243;][vc_column][vc_column_text] E-T\u0130CARET S\u0130TELER\u0130 [\/vc_column_text][\/vc_column][\/vc_row][vc_row][vc_column width=&#8221;1\/6&#8243;][\/vc_column][vc_column width=&#8221;2\/3&#8243;][vc_icon icon_fontawesome=&#8221;fas fa-shopping-cart&#8221; color=&#8221;grey&#8221; size=&#8221;xl&#8221; align=&#8221;center&#8221;][vc_column_text] E-Ticaret Ne sat\u0131yor olursan\u0131z olun, perakende ma\u011fazac\u0131l\u0131\u011f\u0131n iyi bir i\u015f oldu\u011funu herkes bilir ; her zaman, \u00fcr\u00fcnlerinizi veya hizmetlerinizi sat\u0131n almak isteyen insanlar olacakt\u0131r. Ancak bir perakende sat\u0131\u015f ma\u011fazas\u0131 co\u011frafi konumuyla s\u0131n\u0131rl\u0131d\u0131r. Globalle\u015fmek istiyorsan\u0131z, internette s\u0131n\u0131r yoktur. [\/vc_column_text][\/vc_column][vc_column width=&#8221;1\/6&#8243;][\/vc_column][\/vc_row][vc_row row_type=&#8221;2&#8243; blox_bgcolor=&#8221;#f7f7f7&#8243;][vc_column][vc_column_text] \u0130leti\u015fimi kolayla\u015ft\u0131rmak, \u0130\u015f ak\u0131\u015f\u0131n\u0131 otomatikle\u015ftirmek, Y\u00fcksek hacimli i\u015flemleri y\u00f6netmek, Kullan\u0131c\u0131 y\u00f6netimi ve Kimlik do\u011frulamas\u0131, Veri ve\u0130i\u00e7erik y\u00f6netimi, Al\u0131\u015fveri\u015f sepeti uygulamalar\u0131 ve \u00d6deme a\u011f ge\u00e7idi entegrasyonu i\u00e7in u\u00e7tan uca E-ticaret \u00e7\u00f6z\u00fcmleri tasarlaman\u0131za ve geli\u015ftirmenize yard\u0131mc\u0131 olabiliriz. Tasar\u0131m hizmetlerimizin i\u00e7erikleri : [\/vc_column_text][\/vc_column][\/vc_row][vc_row row_type=&#8221;2&#8243; blox_padding_bottom=&#8221;80&#8243; blox_bgcolor=&#8221;#f7f7f7&#8243;][vc_column width=&#8221;1\/2&#8243;][\/vc_column][vc_column width=&#8221;1\/2&#8243;][\/vc_column][\/vc_row][vc_row][vc_column][vc_column_text] Benzersiz hedeflerinize ve gereksinimlerinize dayanarak, \u00f6zel e-ticaret \u00e7\u00f6z\u00fcmleri sunuyoruz. \u0130htiyac\u0131n\u0131z olan t\u00fcm niteliklere sahip, istikrarl\u0131 ve g\u00fcvenli tam \u00f6zellikli bir E-ticaret web \u00e7\u00f6z\u00fcm\u00fc alacaks\u0131n\u0131z. [\/vc_column_text][vc_row_inner][vc_column_inner width=&#8221;1\/2&#8243;][vc_single_image image=&#8221;10138&#8243; img_size=&#8221;full&#8221;][\/vc_column_inner][vc_column_inner width=&#8221;1\/2&#8243;][\/vc_column_inner][\/vc_row_inner][\/vc_column][\/vc_row][vc_row row_type=&#8221;2&#8243; blox_image=&#8221;9171&#8243; blox_cover=&#8221;false&#8221; blox_repeat=&#8221;repeat&#8221; blox_dark=&#8221;true&#8221; blox_bgcolor=&#8221;#00c2e5&#8243;][vc_column][vc_row_inner][vc_column_inner el_class=&#8221;aligncenter&#8221;][vc_column_text] Projenize Ba\u015flayal\u0131m [\/vc_column_text][vc_column_text] Hedeflerinize ula\u015fman\u0131za ve i\u015finizi b\u00fcy\u00fctmenize yard\u0131m i\u00e7in buraday\u0131z. [\/vc_column_text][\/vc_column_inner][\/vc_row_inner][\/vc_column][\/vc_row]","og_url":"https:\/\/www.increaweb.com\/tr\/e-ticaret-siteleri\/","og_site_name":"IncreaWeb","article_modified_time":"2023-02-28T14:14:13+00:00","twitter_card":"summary_large_image","twitter_misc":{"Tahmini okuma s\u00fcresi":"4 dakika"},"schema":{"@context":"https:\/\/schema.org","@graph":[{"@type":"WebPage","@id":"https:\/\/www.increaweb.com\/tr\/e-ticaret-siteleri\/","url":"https:\/\/www.increaweb.com\/tr\/e-ticaret-siteleri\/","name":"E-Ticaret Siteleri | IncreaWeb","isPartOf":{"@id":"https:\/\/www.increaweb.com\/#website"},"datePublished":"2019-07-24T13:58:45+00:00","dateModified":"2023-02-28T14:14:13+00:00","breadcrumb":{"@id":"https:\/\/www.increaweb.com\/tr\/e-ticaret-siteleri\/#breadcrumb"},"inLanguage":"tr","potentialAction":[{"@type":"ReadAction","target":["https:\/\/www.increaweb.com\/tr\/e-ticaret-siteleri\/"]}]},{"@type":"BreadcrumbList","@id":"https:\/\/www.increaweb.com\/tr\/e-ticaret-siteleri\/#breadcrumb","itemListElement":[{"@type":"ListItem","position":1,"name":"Home","item":"https:\/\/www.increaweb.com\/tr\/ana-sayfa\/"},{"@type":"ListItem","position":2,"name":"E-Ticaret Siteleri"}]},{"@type":"WebSite","@id":"https:\/\/www.increaweb.com\/#website","url":"https:\/\/www.increaweb.com\/","name":"IncreaWeb","description":"Increa Web Solutions","publisher":{"@id":"https:\/\/www.increaweb.com\/#organization"},"potentialAction":[{"@type":"SearchAction","target":{"@type":"EntryPoint","urlTemplate":"https:\/\/www.increaweb.com\/?s={search_term_string}"},"query-input":{"@type":"PropertyValueSpecification","valueRequired":true,"valueName":"search_term_string"}}],"inLanguage":"tr"},{"@type":"Organization","@id":"https:\/\/www.increaweb.com\/#organization","name":"IncreaWeb Solutions","url":"https:\/\/www.increaweb.com\/","logo":{"@type":"ImageObject","inLanguage":"tr","@id":"https:\/\/www.increaweb.com\/#\/schema\/logo\/image\/","url":"https:\/\/www.increaweb.com\/wp-content\/uploads\/2019\/08\/Logo_yeni1.png","contentUrl":"https:\/\/www.increaweb.com\/wp-content\/uploads\/2019\/08\/Logo_yeni1.png","width":1000,"height":118,"caption":"IncreaWeb Solutions"},"image":{"@id":"https:\/\/www.increaweb.com\/#\/schema\/logo\/image\/"}}]}},"_links":{"self":[{"href":"https:\/\/www.increaweb.com\/tr\/wp-json\/wp\/v2\/pages\/10062","targetHints":{"allow":["GET"]}}],"collection":[{"href":"https:\/\/www.increaweb.com\/tr\/wp-json\/wp\/v2\/pages"}],"about":[{"href":"https:\/\/www.increaweb.com\/tr\/wp-json\/wp\/v2\/types\/page"}],"author":[{"embeddable":true,"href":"https:\/\/www.increaweb.com\/tr\/wp-json\/wp\/v2\/users\/1"}],"replies":[{"embeddable":true,"href":"https:\/\/www.increaweb.com\/tr\/wp-json\/wp\/v2\/comments?post=10062"}],"version-history":[{"count":0,"href":"https:\/\/www.increaweb.com\/tr\/wp-json\/wp\/v2\/pages\/10062\/revisions"}],"wp:attachment":[{"href":"https:\/\/www.increaweb.com\/tr\/wp-json\/wp\/v2\/media?parent=10062"}],"curies":[{"name":"wp","href":"https:\/\/api.w.org\/{rel}","templated":true}]}}